{"id":4045,"date":"2024-04-18T17:08:15","date_gmt":"2024-04-18T20:08:15","guid":{"rendered":"http:\/\/www.locacaodemaquinas.com.br\/site\/?post_type=product&#038;p=4045"},"modified":"2024-04-22T17:31:37","modified_gmt":"2024-04-22T20:31:37","slug":"motosserra-a-gasolina-ms-661-stihl","status":"publish","type":"product","link":"http:\/\/www.locacaodemaquinas.com.br\/site\/loja\/principais-marcas\/marca-stihl\/motosserra-a-gasolina-ms-661-stihl\/","title":{"rendered":"Motosserra \u00e0 Gasolina MS 661 &#8211; STIHL"},"content":{"rendered":"<p>Obs: Sob os termos da marca STIHL, n\u00e3o estamos autorizados a vend\u00ea-los pela internet, mas voc\u00ea pode visitar as nossas lojas f\u00edsicas. O intuito \u00e9 apenas informativo.<\/p>\n","protected":false},"excerpt":{"rendered":"<div class=\"tabs\">\n<p>A <strong>motosserra STIHL MS 661<\/strong> conta com caracter\u00edsticas modernas em sua composi\u00e7\u00e3o, garantindo excelente rela\u00e7\u00e3o peso x pot\u00eancia e constru\u00e7\u00e3o robusta. Desenvolvida para usu\u00e1rios profissionais, proporciona alto rendimento em condi\u00e7\u00f5es extrema. Econ\u00f4mica, de f\u00e1cil manuseio e confort\u00e1vel. Possui filtro de ar com alto poder de reten\u00e7\u00e3o de sujeira, com menor frequ\u00eancia de limpeza. \u00c9 ideal para trabalhos cont\u00ednuos de maior intensidade e corte de \u00e1rvores de m\u00e9dio e grande portes.<\/p>\n<\/div>\n<p>&nbsp;<\/p>\n","protected":false},"featured_media":4055,"comment_status":"open","ping_status":"closed","template":"","meta":[],"product_cat":[342,343],"product_tag":[368,364],"acf":[],"_links":{"self":[{"href":"http:\/\/www.locacaodemaquinas.com.br\/site\/wp-json\/wp\/v2\/product\/4045"}],"collection":[{"href":"http:\/\/www.locacaodemaquinas.com.br\/site\/wp-json\/wp\/v2\/product"}],"about":[{"href":"http:\/\/www.locacaodemaquinas.com.br\/site\/wp-json\/wp\/v2\/types\/product"}],"replies":[{"embeddable":true,"href":"http:\/\/www.locacaodemaquinas.com.br\/site\/wp-json\/wp\/v2\/comments?post=4045"}],"wp:featuredmedia":[{"embeddable":true,"href":"http:\/\/www.locacaodemaquinas.com.br\/site\/wp-json\/wp\/v2\/media\/4055"}],"wp:attachment":[{"href":"http:\/\/www.locacaodemaquinas.com.br\/site\/wp-json\/wp\/v2\/media?parent=4045"}],"wp:term":[{"taxonomy":"product_cat","embeddable":true,"href":"http:\/\/www.locacaodemaquinas.com.br\/site\/wp-json\/wp\/v2\/product_cat?post=4045"},{"taxonomy":"product_tag","embeddable":true,"href":"http:\/\/www.locacaodemaquinas.com.br\/site\/wp-json\/wp\/v2\/product_tag?post=4045"}],"curies":[{"name":"wp","href":"https:\/\/api.w.org\/{rel}","templated":true}]}}