{"id":4046,"date":"2024-04-18T17:12:54","date_gmt":"2024-04-18T20:12:54","guid":{"rendered":"http:\/\/www.locacaodemaquinas.com.br\/site\/?post_type=product&#038;p=4046"},"modified":"2025-10-06T15:42:11","modified_gmt":"2025-10-06T18:42:11","slug":"motosserra-a-gasolina-ms-163-stihl","status":"publish","type":"product","link":"http:\/\/www.locacaodemaquinas.com.br\/site\/loja\/principais-marcas\/marca-stihl\/motosserra-a-gasolina-ms-163-stihl\/","title":{"rendered":"Motosserra \u00e0 Gasolina MS 162 &#8211; STIHL"},"content":{"rendered":"","protected":false},"excerpt":{"rendered":"<div class=\"tabs\">\n<p>Para uso dom\u00e9stico, especialmente quando se trata de corte de lenha e manuten\u00e7\u00e3o de pequenas \u00e1rvores a STIHL traz a nova <strong>Motosserra a combust\u00e3o MS 162<\/strong>. Uma evolu\u00e7\u00e3o de tecnologia e pot\u00eancia em compara\u00e7\u00e3o com vers\u00f5es anteriores. Ela possui um motor a gasolina de 2 tempos com 1,3 kW de pot\u00eancia, tornando-a adequada para uso em casa e em pequenas propriedades. Ideal para cortar lenha e galhos de \u00e1rvores de tamanho m\u00e9dio. Al\u00e9m disso, a motosserra possui um sistema de lubrifica\u00e7\u00e3o autom\u00e1tica da corrente, o que prolonga sua vida \u00fatil. Com um peso de cerca de 4,5 kg, ela \u00e9 f\u00e1cil de manusear e n\u00e3o causa fadiga excessiva durante o uso prolongado.<\/p>\n<\/div>\n<p>&nbsp;<\/p>\n","protected":false},"featured_media":4083,"comment_status":"open","ping_status":"closed","template":"","meta":[],"product_cat":[342,343],"product_tag":[368,364],"acf":[],"_links":{"self":[{"href":"http:\/\/www.locacaodemaquinas.com.br\/site\/wp-json\/wp\/v2\/product\/4046"}],"collection":[{"href":"http:\/\/www.locacaodemaquinas.com.br\/site\/wp-json\/wp\/v2\/product"}],"about":[{"href":"http:\/\/www.locacaodemaquinas.com.br\/site\/wp-json\/wp\/v2\/types\/product"}],"replies":[{"embeddable":true,"href":"http:\/\/www.locacaodemaquinas.com.br\/site\/wp-json\/wp\/v2\/comments?post=4046"}],"wp:featuredmedia":[{"embeddable":true,"href":"http:\/\/www.locacaodemaquinas.com.br\/site\/wp-json\/wp\/v2\/media\/4083"}],"wp:attachment":[{"href":"http:\/\/www.locacaodemaquinas.com.br\/site\/wp-json\/wp\/v2\/media?parent=4046"}],"wp:term":[{"taxonomy":"product_cat","embeddable":true,"href":"http:\/\/www.locacaodemaquinas.com.br\/site\/wp-json\/wp\/v2\/product_cat?post=4046"},{"taxonomy":"product_tag","embeddable":true,"href":"http:\/\/www.locacaodemaquinas.com.br\/site\/wp-json\/wp\/v2\/product_tag?post=4046"}],"curies":[{"name":"wp","href":"https:\/\/api.w.org\/{rel}","templated":true}]}}