{"id":4047,"date":"2024-04-18T17:32:57","date_gmt":"2024-04-18T20:32:57","guid":{"rendered":"http:\/\/www.locacaodemaquinas.com.br\/site\/?post_type=product&#038;p=4047"},"modified":"2024-04-22T17:35:03","modified_gmt":"2024-04-22T20:35:03","slug":"motosserra-eletrica-mse-141-stihl","status":"publish","type":"product","link":"http:\/\/www.locacaodemaquinas.com.br\/site\/loja\/principais-marcas\/marca-stihl\/motosserra-eletrica-mse-141-stihl\/","title":{"rendered":"Motosserra El\u00e9trica MSE 141 C-Q &#8211; STIHL"},"content":{"rendered":"<p>Obs: Sob os termos da marca STIHL, n\u00e3o estamos autorizados a vend\u00ea-los pela internet, mas voc\u00ea pode visitar as nossas lojas f\u00edsicas. O intuito \u00e9 apenas informativo.<\/p>\n","protected":false},"excerpt":{"rendered":"<div class=\"tabs\">\n<p>Al\u00e9m de leve, a <strong>motosserra MSE 141 C-Q<\/strong> possui formato ergon\u00f4mico, oferecendo mais facilidade no uso. A seguran\u00e7a tamb\u00e9m \u00e9 um diferencial atrav\u00e9s do freio QuickStop Super, que trava a corrente assim que o acelerador \u00e9 solto. Ela ainda conta com tanque de \u00f3leo transl\u00facido e com abertura na parte superior, facilitando o abastecimento e visualiza\u00e7\u00e3o do n\u00edvel de \u00f3leo. Essas caracter\u00edsticas fazem desta motosserra o modelo ideal para quem quer fazer pequenas manuten\u00e7\u00f5es residenciais e corte de lenha.<\/p>\n<\/div>\n<p>&nbsp;<\/p>\n","protected":false},"featured_media":4056,"comment_status":"open","ping_status":"closed","template":"","meta":[],"product_cat":[342,343,514],"product_tag":[260,368,364],"acf":[],"_links":{"self":[{"href":"http:\/\/www.locacaodemaquinas.com.br\/site\/wp-json\/wp\/v2\/product\/4047"}],"collection":[{"href":"http:\/\/www.locacaodemaquinas.com.br\/site\/wp-json\/wp\/v2\/product"}],"about":[{"href":"http:\/\/www.locacaodemaquinas.com.br\/site\/wp-json\/wp\/v2\/types\/product"}],"replies":[{"embeddable":true,"href":"http:\/\/www.locacaodemaquinas.com.br\/site\/wp-json\/wp\/v2\/comments?post=4047"}],"wp:featuredmedia":[{"embeddable":true,"href":"http:\/\/www.locacaodemaquinas.com.br\/site\/wp-json\/wp\/v2\/media\/4056"}],"wp:attachment":[{"href":"http:\/\/www.locacaodemaquinas.com.br\/site\/wp-json\/wp\/v2\/media?parent=4047"}],"wp:term":[{"taxonomy":"product_cat","embeddable":true,"href":"http:\/\/www.locacaodemaquinas.com.br\/site\/wp-json\/wp\/v2\/product_cat?post=4047"},{"taxonomy":"product_tag","embeddable":true,"href":"http:\/\/www.locacaodemaquinas.com.br\/site\/wp-json\/wp\/v2\/product_tag?post=4047"}],"curies":[{"name":"wp","href":"https:\/\/api.w.org\/{rel}","templated":true}]}}