{"id":4049,"date":"2024-04-22T15:55:23","date_gmt":"2024-04-22T18:55:23","guid":{"rendered":"http:\/\/www.locacaodemaquinas.com.br\/site\/?post_type=product&#038;p=4049"},"modified":"2024-04-22T17:34:44","modified_gmt":"2024-04-22T20:34:44","slug":"motosserra-a-bateria-msa-160-c-b-stihl","status":"publish","type":"product","link":"http:\/\/www.locacaodemaquinas.com.br\/site\/loja\/principais-marcas\/marca-stihl\/motosserra-a-bateria-msa-160-c-b-stihl\/","title":{"rendered":"Motosserra a Bateria MSA 160 C-B &#8211; STIHL"},"content":{"rendered":"<p>Obs: Sob os termos da marca STIHL, n\u00e3o estamos autorizados a vend\u00ea-los pela internet, mas voc\u00ea pode visitar as nossas lojas f\u00edsicas. O intuito \u00e9 apenas informativo.<\/p>\n","protected":false},"excerpt":{"rendered":"<div class=\"tabs\">\n<p>Seja para cortar lenha, \u00e1rvores ou fazer algum trabalho em madeira: com a <strong>motosserra a bateria STIHL MSA 160 C-B<\/strong>, voc\u00ea estar\u00e1 equipado para trabalhos em diferentes ambientes. Por ser movida a bateria, seu motor \u00e9 silencioso e n\u00e3o emite gases, ent\u00e3o voc\u00ea pode usar o equipamento em \u00e1reas sens\u00edveis a ru\u00eddos e at\u00e9 mesmo em espa\u00e7os fechados.<\/p>\n<p>A transmiss\u00e3o direta de energia para a corrente STIHL 1\/4&#8243; PM3, juntamente com o desempenho do motor controlado de forma inteligente, garantem excelente poder de corte, mesmo para galhos e vigas mais grossos. Ela pesa apenas 3,1 kg (sem a bateria), garantindo que voc\u00ea possa trabalhar sem esfor\u00e7o mesmo por per\u00edodos mais longos.<\/p>\n<\/div>\n<p>&nbsp;<\/p>\n","protected":false},"featured_media":4053,"comment_status":"open","ping_status":"closed","template":"","meta":[],"product_cat":[342,343,512],"product_tag":[300,368,364],"acf":[],"_links":{"self":[{"href":"http:\/\/www.locacaodemaquinas.com.br\/site\/wp-json\/wp\/v2\/product\/4049"}],"collection":[{"href":"http:\/\/www.locacaodemaquinas.com.br\/site\/wp-json\/wp\/v2\/product"}],"about":[{"href":"http:\/\/www.locacaodemaquinas.com.br\/site\/wp-json\/wp\/v2\/types\/product"}],"replies":[{"embeddable":true,"href":"http:\/\/www.locacaodemaquinas.com.br\/site\/wp-json\/wp\/v2\/comments?post=4049"}],"wp:featuredmedia":[{"embeddable":true,"href":"http:\/\/www.locacaodemaquinas.com.br\/site\/wp-json\/wp\/v2\/media\/4053"}],"wp:attachment":[{"href":"http:\/\/www.locacaodemaquinas.com.br\/site\/wp-json\/wp\/v2\/media?parent=4049"}],"wp:term":[{"taxonomy":"product_cat","embeddable":true,"href":"http:\/\/www.locacaodemaquinas.com.br\/site\/wp-json\/wp\/v2\/product_cat?post=4049"},{"taxonomy":"product_tag","embeddable":true,"href":"http:\/\/www.locacaodemaquinas.com.br\/site\/wp-json\/wp\/v2\/product_tag?post=4049"}],"curies":[{"name":"wp","href":"https:\/\/api.w.org\/{rel}","templated":true}]}}