{"id":4077,"date":"2024-05-27T10:24:17","date_gmt":"2024-05-27T13:24:17","guid":{"rendered":"http:\/\/www.locacaodemaquinas.com.br\/site\/?post_type=product&#038;p=4077"},"modified":"2024-05-27T10:45:03","modified_gmt":"2024-05-27T13:45:03","slug":"motor-estacionario-ehc-605-s-stihl","status":"publish","type":"product","link":"http:\/\/www.locacaodemaquinas.com.br\/site\/loja\/principais-marcas\/marca-stihl\/motor-estacionario-ehc-605-s-stihl\/","title":{"rendered":"Motor Estacion\u00e1rio EHC 605 S &#8211; STIHL"},"content":{"rendered":"","protected":false},"excerpt":{"rendered":"<p>O\u00a0<strong>Motor Estacion\u00e1rio \u00e0 Gasolina 6HP EHC 605 S Stihl<\/strong>\u00a0opera em\u00a0<strong>condi\u00e7\u00f5es clim\u00e1ticas adversas<\/strong>\u00a0sem qualquer perda de desempenho, em raz\u00e3o da sua\u00a0<strong>robustez e tecnologia<\/strong>.<\/p>\n<p>Acionado com facilidade por um\u00a0<strong>bot\u00e3o para ligar e desligar<\/strong>\u00a0e com f\u00e1cil\u00a0<strong>abertura do tanque de combust\u00edvel<\/strong>, que conta com uma tela para evitar a entrada de sujeiras grossas.<\/p>\n<p>Possui uma\u00a0<strong>grade de prote\u00e7\u00e3o refor\u00e7ada<\/strong>\u00a0que previne o contato com a superf\u00edcie quente do silenciador, conferindo\u00a0<strong>maior seguran\u00e7a ao operador durante o servi\u00e7o<\/strong>.<\/p>\n","protected":false},"featured_media":4093,"comment_status":"open","ping_status":"closed","template":"","meta":[],"product_cat":[343,522],"product_tag":[266,969,364],"acf":[],"_links":{"self":[{"href":"http:\/\/www.locacaodemaquinas.com.br\/site\/wp-json\/wp\/v2\/product\/4077"}],"collection":[{"href":"http:\/\/www.locacaodemaquinas.com.br\/site\/wp-json\/wp\/v2\/product"}],"about":[{"href":"http:\/\/www.locacaodemaquinas.com.br\/site\/wp-json\/wp\/v2\/types\/product"}],"replies":[{"embeddable":true,"href":"http:\/\/www.locacaodemaquinas.com.br\/site\/wp-json\/wp\/v2\/comments?post=4077"}],"wp:featuredmedia":[{"embeddable":true,"href":"http:\/\/www.locacaodemaquinas.com.br\/site\/wp-json\/wp\/v2\/media\/4093"}],"wp:attachment":[{"href":"http:\/\/www.locacaodemaquinas.com.br\/site\/wp-json\/wp\/v2\/media?parent=4077"}],"wp:term":[{"taxonomy":"product_cat","embeddable":true,"href":"http:\/\/www.locacaodemaquinas.com.br\/site\/wp-json\/wp\/v2\/product_cat?post=4077"},{"taxonomy":"product_tag","embeddable":true,"href":"http:\/\/www.locacaodemaquinas.com.br\/site\/wp-json\/wp\/v2\/product_tag?post=4077"}],"curies":[{"name":"wp","href":"https:\/\/api.w.org\/{rel}","templated":true}]}}