{"id":4089,"date":"2024-06-21T10:20:17","date_gmt":"2024-06-21T13:20:17","guid":{"rendered":"http:\/\/www.locacaodemaquinas.com.br\/site\/?post_type=product&#038;p=4089"},"modified":"2024-06-21T10:20:17","modified_gmt":"2024-06-21T13:20:17","slug":"rocadeira-a-bateria-fsa-30-stihl","status":"publish","type":"product","link":"http:\/\/www.locacaodemaquinas.com.br\/site\/loja\/principais-marcas\/marca-stihl\/rocadeira-a-bateria-fsa-30-stihl\/","title":{"rendered":"Ro\u00e7adeira \u00e0 Bateria FSA 30 &#8211; STIHL"},"content":{"rendered":"<h2>Caracter\u00edsticas:<\/h2>\n<p>&#8211; Troca dos conjuntos de corte sem necessidade de ferramentas;<br \/>\n&#8211; Ajuste do cabo loop, do comprimento da haste e do \u00e2ngulo do conjunto de corte;<br \/>\n&#8211; N\u00e3o emite gases poluentes;<br \/>\n&#8211; Sem necessidade de uso de protetor auricular;<br \/>\n&#8211; Suporte para l\u00e2minas de reposi\u00e7\u00e3o.<\/p>\n","protected":false},"excerpt":{"rendered":"<p>Apresentamos a mais excepcional novidade da marca Stihl: a <strong>Ro\u00e7adeira a bateria FSA 30<\/strong>. Essa \u00e9 a <strong>primeira ro\u00e7adeira no sistema de bateria AS<\/strong>, oferecendo uma solu\u00e7\u00e3o vers\u00e1til para cuidar do jardim.<br \/>\nCom a sua excepcional qualidade, ela corta gramado com at\u00e9 10cm de altura e apara bordas com excelente precis\u00e3o.<br \/>\nCom a convers\u00e3o para novas cabe\u00e7as sem ferramentas e suporte de l\u00e2minas de pl\u00e1stico de substitui\u00e7\u00e3o para troca de l\u00e2mina r\u00e1pida, pode alternar entre diferentes tipos de corte com facilidade e rapidez.<br \/>\nAl\u00e9m disso, a FSA 30 \u00e9 projetada para oferecer conforto durante todo o uso e seu design compacto facilita o armazenamento, ocupando pouco espa\u00e7o.<\/p>\n","protected":false},"featured_media":4134,"comment_status":"open","ping_status":"closed","template":"","meta":[],"product_cat":[199,342,343],"product_tag":[300,365],"acf":[],"_links":{"self":[{"href":"http:\/\/www.locacaodemaquinas.com.br\/site\/wp-json\/wp\/v2\/product\/4089"}],"collection":[{"href":"http:\/\/www.locacaodemaquinas.com.br\/site\/wp-json\/wp\/v2\/product"}],"about":[{"href":"http:\/\/www.locacaodemaquinas.com.br\/site\/wp-json\/wp\/v2\/types\/product"}],"replies":[{"embeddable":true,"href":"http:\/\/www.locacaodemaquinas.com.br\/site\/wp-json\/wp\/v2\/comments?post=4089"}],"wp:featuredmedia":[{"embeddable":true,"href":"http:\/\/www.locacaodemaquinas.com.br\/site\/wp-json\/wp\/v2\/media\/4134"}],"wp:attachment":[{"href":"http:\/\/www.locacaodemaquinas.com.br\/site\/wp-json\/wp\/v2\/media?parent=4089"}],"wp:term":[{"taxonomy":"product_cat","embeddable":true,"href":"http:\/\/www.locacaodemaquinas.com.br\/site\/wp-json\/wp\/v2\/product_cat?post=4089"},{"taxonomy":"product_tag","embeddable":true,"href":"http:\/\/www.locacaodemaquinas.com.br\/site\/wp-json\/wp\/v2\/product_tag?post=4089"}],"curies":[{"name":"wp","href":"https:\/\/api.w.org\/{rel}","templated":true}]}}