{"id":4099,"date":"2024-05-27T16:04:02","date_gmt":"2024-05-27T19:04:02","guid":{"rendered":"http:\/\/www.locacaodemaquinas.com.br\/site\/?post_type=product&#038;p=4099"},"modified":"2024-06-03T16:46:36","modified_gmt":"2024-06-03T19:46:36","slug":"motosserra-a-gasolina-ms-182-stihl","status":"publish","type":"product","link":"http:\/\/www.locacaodemaquinas.com.br\/site\/loja\/principais-marcas\/marca-stihl\/motosserra-a-gasolina-ms-182-stihl\/","title":{"rendered":"Motosserra \u00e0 Gasolina MS 182 &#8211; STIHL"},"content":{"rendered":"<p>Suas caracter\u00edsticas \u00fanicas incluem um\u00a0<strong>bot\u00e3o de ligar<\/strong>\u00a0<strong>que permanece sempre na posi\u00e7\u00e3o de partida<\/strong>, proporcionando um\u00a0arranque r\u00e1pido e sem complica\u00e7\u00f5es. O\u00a0acesso f\u00e1cil ao motor\u00a0facilita a\u00a0manuten\u00e7\u00e3o\u00a0e o\u00a0diagn\u00f3stico de problemas, gra\u00e7as \u00e0\u00a0<strong>bucha de diagn\u00f3stico<\/strong>. Al\u00e9m disso, a<strong>\u00a0MS 182<\/strong>\u00a0oferece uma\u00a0<strong>excelente rela\u00e7\u00e3o peso-pot\u00eancia<\/strong>, garantindo um\u00a0desempenho eficiente e econ\u00f4mico. \u00c9 ideal para\u00a0derrubadas de pequenas \u00e1rvores, corte de lenha e atividades de manuten\u00e7\u00e3o.<\/p>\n<h2>Atributos<\/h2>\n<ul>\n<li>Tensor lateral da corrente<\/li>\n<li>Tampas de \u00f3leo e combust\u00edvel sem ferramentas<\/li>\n<li>Sistema antivibra\u00e7\u00e3o STIHL<\/li>\n<li>Dep\u00f3sito de \u00f3leo transparente<\/li>\n<\/ul>\n","protected":false},"excerpt":{"rendered":"<div class=\"tabs\">\n<p class=\"product-details__title\">Ainda mais potente que sua antecessora a nova <strong>motosserra a combust\u00e3o\u00a0<\/strong><strong>MS 182 da STIHL<\/strong>\u00a0foi projetada com um motor<span style=\"color: #464f52;\">\u00a02 tempos para atender diversos mercados, incluindo\u00a0<\/span>uso dom\u00e9stico, conserva\u00e7\u00e3o, jardinagem profissional, agropecu\u00e1ria e constru\u00e7\u00e3o civil.<\/p>\n<\/div>\n","protected":false},"featured_media":4100,"comment_status":"open","ping_status":"closed","template":"","meta":[],"product_cat":[342,343],"product_tag":[368,364],"acf":[],"_links":{"self":[{"href":"http:\/\/www.locacaodemaquinas.com.br\/site\/wp-json\/wp\/v2\/product\/4099"}],"collection":[{"href":"http:\/\/www.locacaodemaquinas.com.br\/site\/wp-json\/wp\/v2\/product"}],"about":[{"href":"http:\/\/www.locacaodemaquinas.com.br\/site\/wp-json\/wp\/v2\/types\/product"}],"replies":[{"embeddable":true,"href":"http:\/\/www.locacaodemaquinas.com.br\/site\/wp-json\/wp\/v2\/comments?post=4099"}],"wp:featuredmedia":[{"embeddable":true,"href":"http:\/\/www.locacaodemaquinas.com.br\/site\/wp-json\/wp\/v2\/media\/4100"}],"wp:attachment":[{"href":"http:\/\/www.locacaodemaquinas.com.br\/site\/wp-json\/wp\/v2\/media?parent=4099"}],"wp:term":[{"taxonomy":"product_cat","embeddable":true,"href":"http:\/\/www.locacaodemaquinas.com.br\/site\/wp-json\/wp\/v2\/product_cat?post=4099"},{"taxonomy":"product_tag","embeddable":true,"href":"http:\/\/www.locacaodemaquinas.com.br\/site\/wp-json\/wp\/v2\/product_tag?post=4099"}],"curies":[{"name":"wp","href":"https:\/\/api.w.org\/{rel}","templated":true}]}}