{"id":4103,"date":"2024-05-27T16:40:23","date_gmt":"2024-05-27T19:40:23","guid":{"rendered":"http:\/\/www.locacaodemaquinas.com.br\/site\/?post_type=product&#038;p=4103"},"modified":"2024-06-03T16:44:45","modified_gmt":"2024-06-03T19:44:45","slug":"motosserra-a-gasolina-ms-212-stihl","status":"publish","type":"product","link":"http:\/\/www.locacaodemaquinas.com.br\/site\/loja\/principais-marcas\/marca-stihl\/motosserra-a-gasolina-ms-212-stihl\/","title":{"rendered":"Motosserra \u00e0 Gasolina MS 212 &#8211; STIHL"},"content":{"rendered":"<p>Com seu <strong>motor 2-MIX<\/strong>, a MS 212 oferece excelente rela\u00e7\u00e3o peso-pot\u00eancia, ideal para cortes de madeira em constru\u00e7\u00f5es, essa motosserra \u00e9 uma \u00f3tima escolha tanto para uso ocasional quanto para jardinagem, marcenaria e atividades agr\u00edcolas.<\/p>\n<p>&nbsp;<\/p>\n<h2>Atributos<\/h2>\n<ul>\n<li>Tensor lateral da corrente<\/li>\n<li>Tampas de \u00f3leo e combust\u00edvel sem ferramentas<\/li>\n<li>Motor STIHL 2-MIX<\/li>\n<li>Sistema antivibra\u00e7\u00e3o STIHL<\/li>\n<li>Dep\u00f3sito de \u00f3leo transparente<\/li>\n<\/ul>\n","protected":false},"excerpt":{"rendered":"<p>A nova motosserra a combust\u00e3o <strong>MS 212 STIHL<\/strong> \u00e9 excepcionalmente vers\u00e1til e confi\u00e1vel. Ela foi projetada para atender diversas necessidades e se destaca por suas pe\u00e7as intercambi\u00e1veis com o modelo anterior. Isso facilita a manuten\u00e7\u00e3o e a substitui\u00e7\u00e3o de pe\u00e7as quando necess\u00e1rio. Al\u00e9m disso, seu sistema de diagn\u00f3stico acess\u00edvel permite facilidade e rapidez na detec\u00e7\u00e3o de falhas, otimizando o tempo de funcionamento e a produtividade.<\/p>\n","protected":false},"featured_media":4106,"comment_status":"open","ping_status":"closed","template":"","meta":[],"product_cat":[342,343],"product_tag":[368,364],"acf":[],"_links":{"self":[{"href":"http:\/\/www.locacaodemaquinas.com.br\/site\/wp-json\/wp\/v2\/product\/4103"}],"collection":[{"href":"http:\/\/www.locacaodemaquinas.com.br\/site\/wp-json\/wp\/v2\/product"}],"about":[{"href":"http:\/\/www.locacaodemaquinas.com.br\/site\/wp-json\/wp\/v2\/types\/product"}],"replies":[{"embeddable":true,"href":"http:\/\/www.locacaodemaquinas.com.br\/site\/wp-json\/wp\/v2\/comments?post=4103"}],"wp:featuredmedia":[{"embeddable":true,"href":"http:\/\/www.locacaodemaquinas.com.br\/site\/wp-json\/wp\/v2\/media\/4106"}],"wp:attachment":[{"href":"http:\/\/www.locacaodemaquinas.com.br\/site\/wp-json\/wp\/v2\/media?parent=4103"}],"wp:term":[{"taxonomy":"product_cat","embeddable":true,"href":"http:\/\/www.locacaodemaquinas.com.br\/site\/wp-json\/wp\/v2\/product_cat?post=4103"},{"taxonomy":"product_tag","embeddable":true,"href":"http:\/\/www.locacaodemaquinas.com.br\/site\/wp-json\/wp\/v2\/product_tag?post=4103"}],"curies":[{"name":"wp","href":"https:\/\/api.w.org\/{rel}","templated":true}]}}