{"id":4183,"date":"2024-08-20T16:41:22","date_gmt":"2024-08-20T19:41:22","guid":{"rendered":"http:\/\/www.locacaodemaquinas.com.br\/site\/?post_type=product&#038;p=4183"},"modified":"2024-08-20T17:07:22","modified_gmt":"2024-08-20T20:07:22","slug":"pulverizador-manual-125-litros-647358-palisad","status":"publish","type":"product","link":"http:\/\/www.locacaodemaquinas.com.br\/site\/loja\/principais-marcas\/palisad\/pulverizador-manual-125-litros-647358-palisad\/","title":{"rendered":"Pulverizador Manual 1,25 litros 647358 &#8211; Palisad"},"content":{"rendered":"","protected":false},"excerpt":{"rendered":"<p>Pulverizador manual 1,25L, produzido de pl\u00e1stico ABS resistente, utilizado em jardins e hortas, possui gatilho com ajuste de press\u00e3o, pulveriza\u00e7\u00e3o cont\u00ednua ao apertar e desapertar o gatilho.<\/p>\n","protected":false},"featured_media":4199,"comment_status":"open","ping_status":"closed","template":"","meta":[],"product_cat":[970,342,518],"product_tag":[336,369],"acf":[],"_links":{"self":[{"href":"http:\/\/www.locacaodemaquinas.com.br\/site\/wp-json\/wp\/v2\/product\/4183"}],"collection":[{"href":"http:\/\/www.locacaodemaquinas.com.br\/site\/wp-json\/wp\/v2\/product"}],"about":[{"href":"http:\/\/www.locacaodemaquinas.com.br\/site\/wp-json\/wp\/v2\/types\/product"}],"replies":[{"embeddable":true,"href":"http:\/\/www.locacaodemaquinas.com.br\/site\/wp-json\/wp\/v2\/comments?post=4183"}],"wp:featuredmedia":[{"embeddable":true,"href":"http:\/\/www.locacaodemaquinas.com.br\/site\/wp-json\/wp\/v2\/media\/4199"}],"wp:attachment":[{"href":"http:\/\/www.locacaodemaquinas.com.br\/site\/wp-json\/wp\/v2\/media?parent=4183"}],"wp:term":[{"taxonomy":"product_cat","embeddable":true,"href":"http:\/\/www.locacaodemaquinas.com.br\/site\/wp-json\/wp\/v2\/product_cat?post=4183"},{"taxonomy":"product_tag","embeddable":true,"href":"http:\/\/www.locacaodemaquinas.com.br\/site\/wp-json\/wp\/v2\/product_tag?post=4183"}],"curies":[{"name":"wp","href":"https:\/\/api.w.org\/{rel}","templated":true}]}}