{"id":4189,"date":"2024-08-20T15:34:09","date_gmt":"2024-08-20T18:34:09","guid":{"rendered":"http:\/\/www.locacaodemaquinas.com.br\/site\/?post_type=product&#038;p=4189"},"modified":"2024-08-20T15:34:10","modified_gmt":"2024-08-20T18:34:10","slug":"parafusadeira-furadeira-de-impacto-a-bateria-com-carregador-e-bateria-12v-bivolt-hp333dwyx3-p-makita","status":"publish","type":"product","link":"http:\/\/www.locacaodemaquinas.com.br\/site\/loja\/principais-marcas\/marca-makita\/parafusadeira-furadeira-de-impacto-a-bateria-com-carregador-e-bateria-12v-bivolt-hp333dwyx3-p-makita\/","title":{"rendered":"Parafusadeira\/Furadeira de Impacto a Bateria com Carregador e Bateria 12V Bivolt HP333DWYX3-P &#8211; Makita"},"content":{"rendered":"<p><label class=\"input-desc\">Especifica\u00e7\u00f5es:<\/label><\/p>\n<p>Capacidades<br \/>\n&#8211; A\u00e7o: 10mm<br \/>\n&#8211; Madeira: 21mm<br \/>\n&#8211; Alvenaria: 8mm<\/p>\n<p>Rota\u00e7\u00f5es por minuto<br \/>\n&#8211; Alta: 0 &#8211; 1.700<br \/>\n&#8211; Baixa: 0 &#8211; 450<\/p>\n<p>Impactos por minuto<br \/>\n&#8211; Alta: 0 &#8211; 25.500<br \/>\n&#8211; Baixa: 0 &#8211; 6.750<\/p>\n<p>Torque<br \/>\n&#8211; Junta r\u00edgida: 30 N.m<br \/>\n&#8211; Junta flex\u00edvel: 14 N.m<\/p>\n<p>Dimens\u00f5es (C x L x A): 193 x 66 x 212mm<br \/>\nPeso: 1,1kg<br \/>\nBateria: 12V<\/p>\n<p><label class=\"input-desc\">Itens que acompanham:<\/label><\/p>\n<p>1 bateria 12V 1,5 Ah e carregador simples.<\/p>\n","protected":false},"excerpt":{"rendered":"<p>Projetada com a tecnologia CXT.<br \/>\n20 n\u00edveis de torque.<br \/>\nSeletor de fun\u00e7\u00f5es.<br \/>\n2 velocidades mec\u00e2nicas.<br \/>\nVelocidade vari\u00e1vel.<br \/>\nFreio instant\u00e2neo.<br \/>\nRota\u00e7\u00e3o revers\u00edvel.<br \/>\nMandril de aperto r\u00e1pido.<br \/>\nIlumina\u00e7\u00e3o de trabalho.<\/p>\n","protected":false},"featured_media":4192,"comment_status":"open","ping_status":"closed","template":"","meta":[],"product_cat":[344,45,512],"product_tag":[300,491,47,39],"acf":[],"_links":{"self":[{"href":"http:\/\/www.locacaodemaquinas.com.br\/site\/wp-json\/wp\/v2\/product\/4189"}],"collection":[{"href":"http:\/\/www.locacaodemaquinas.com.br\/site\/wp-json\/wp\/v2\/product"}],"about":[{"href":"http:\/\/www.locacaodemaquinas.com.br\/site\/wp-json\/wp\/v2\/types\/product"}],"replies":[{"embeddable":true,"href":"http:\/\/www.locacaodemaquinas.com.br\/site\/wp-json\/wp\/v2\/comments?post=4189"}],"wp:featuredmedia":[{"embeddable":true,"href":"http:\/\/www.locacaodemaquinas.com.br\/site\/wp-json\/wp\/v2\/media\/4192"}],"wp:attachment":[{"href":"http:\/\/www.locacaodemaquinas.com.br\/site\/wp-json\/wp\/v2\/media?parent=4189"}],"wp:term":[{"taxonomy":"product_cat","embeddable":true,"href":"http:\/\/www.locacaodemaquinas.com.br\/site\/wp-json\/wp\/v2\/product_cat?post=4189"},{"taxonomy":"product_tag","embeddable":true,"href":"http:\/\/www.locacaodemaquinas.com.br\/site\/wp-json\/wp\/v2\/product_tag?post=4189"}],"curies":[{"name":"wp","href":"https:\/\/api.w.org\/{rel}","templated":true}]}}