{"id":4254,"date":"2024-10-02T14:12:45","date_gmt":"2024-10-02T17:12:45","guid":{"rendered":"http:\/\/www.locacaodemaquinas.com.br\/site\/?post_type=product&#038;p=4254"},"modified":"2024-10-02T14:12:45","modified_gmt":"2024-10-02T17:12:45","slug":"aspirador-de-po-e-liquidos-eletrico-se-33-stihl","status":"publish","type":"product","link":"http:\/\/www.locacaodemaquinas.com.br\/site\/loja\/principais-marcas\/aspirador-de-po-e-liquidos-eletrico-se-33-stihl\/","title":{"rendered":"Aspirador de P\u00f3 e L\u00edquidos El\u00e9trico SE 33 &#8211; STIHL"},"content":{"rendered":"<p>O Aspirador de P\u00f3 e L\u00edquidos SE 33 da STIHL \u00e9 a escolha perfeita para manter seu ambiente limpo e livre de sujeira. Este aspirador vers\u00e1til \u00e9 projetado para uso ocasional e oferece desempenho confi\u00e1vel em todas as situa\u00e7\u00f5es. Com a capacidade de aspirar tanto p\u00f3 seco quanto l\u00edquidos, voc\u00ea pode lidar com derramamentos e sujeira de forma eficaz. Seu design compacto e f\u00e1cil manuseio tornam-no uma ferramenta conveniente para uso dom\u00e9stico ou no local de trabalho. O SE 33 \u00e9 equipado com um recipiente resistente e dur\u00e1vel, garantindo que ele esteja pronto para enfrentar os desafios de limpeza do dia a dia. Al\u00e9m disso, seu sistema de filtragem eficiente mant\u00e9m o ar limpo enquanto aspira a sujeira. Se voc\u00ea busca um aspirador vers\u00e1til, pr\u00e1tico e eficiente para manter seu espa\u00e7o limpo e organizado, o Aspirador de P\u00f3 e L\u00edquidos SE 33 \u00e9 a escolha ideal.<\/p>\n<p>&nbsp;<\/p>\n<h2 class=\"stihlferramentas-loja-stihlferramentas-10-x-mainContentTitle\">Atributos<\/h2>\n<p><span class=\"stihlferramentas-loja-stihlferramentas-10-x-mainContentText\">As imagens fornecidas s\u00e3o apenas exemplos ilustrativos. A apar\u00eancia e a disposi\u00e7\u00e3o espec\u00edfica das caracter\u00edsticas do equipamento no produto final podem diferir das representa\u00e7\u00f5es, mantendo a mesma funcionalidade.<\/span><\/p>\n<p>&nbsp;<\/p>\n<h2><span class=\"stihlferramentas-loja-stihlferramentas-10-x-PackageTitle\">Conte\u00fado da embalagem<\/span><\/h2>\n<ul class=\"stihlferramentas-loja-stihlferramentas-10-x-PackageLista\">\n<li class=\"stihlferramentas-loja-stihlferramentas-10-x-PackageItem\">01 Aspirador de P\u00f3 e L\u00edquidos el\u00e9trico SE 33<\/li>\n<li class=\"stihlferramentas-loja-stihlferramentas-10-x-PackageItem\">01 Manual de instru\u00e7\u00e3o<\/li>\n<\/ul>\n","protected":false},"excerpt":{"rendered":"<p>O Aspirador de P\u00f3 e L\u00edquidos SE 33 da STIHL \u00e9 uma ferramenta vers\u00e1til e eficiente para manter sua casa ou local de trabalho limpo e livre de sujeira. Ideal para uso ocasional, este aspirador \u00e9 capaz de aspirar tanto p\u00f3 seco quanto l\u00edquidos, oferecendo um desempenho confi\u00e1vel.<\/p>\n<p>&nbsp;<\/p>\n","protected":false},"featured_media":4256,"comment_status":"open","ping_status":"closed","template":"","meta":[],"product_cat":[342],"product_tag":[314],"acf":[],"_links":{"self":[{"href":"http:\/\/www.locacaodemaquinas.com.br\/site\/wp-json\/wp\/v2\/product\/4254"}],"collection":[{"href":"http:\/\/www.locacaodemaquinas.com.br\/site\/wp-json\/wp\/v2\/product"}],"about":[{"href":"http:\/\/www.locacaodemaquinas.com.br\/site\/wp-json\/wp\/v2\/types\/product"}],"replies":[{"embeddable":true,"href":"http:\/\/www.locacaodemaquinas.com.br\/site\/wp-json\/wp\/v2\/comments?post=4254"}],"wp:featuredmedia":[{"embeddable":true,"href":"http:\/\/www.locacaodemaquinas.com.br\/site\/wp-json\/wp\/v2\/media\/4256"}],"wp:attachment":[{"href":"http:\/\/www.locacaodemaquinas.com.br\/site\/wp-json\/wp\/v2\/media?parent=4254"}],"wp:term":[{"taxonomy":"product_cat","embeddable":true,"href":"http:\/\/www.locacaodemaquinas.com.br\/site\/wp-json\/wp\/v2\/product_cat?post=4254"},{"taxonomy":"product_tag","embeddable":true,"href":"http:\/\/www.locacaodemaquinas.com.br\/site\/wp-json\/wp\/v2\/product_tag?post=4254"}],"curies":[{"name":"wp","href":"https:\/\/api.w.org\/{rel}","templated":true}]}}