{"id":4303,"date":"2025-03-19T16:47:48","date_gmt":"2025-03-19T19:47:48","guid":{"rendered":"http:\/\/www.locacaodemaquinas.com.br\/site\/?post_type=product&#038;p=4303"},"modified":"2025-03-19T17:25:10","modified_gmt":"2025-03-19T20:25:10","slug":"soprador-a-bateria-bga-86-stihl","status":"publish","type":"product","link":"http:\/\/www.locacaodemaquinas.com.br\/site\/loja\/principais-marcas\/marca-stihl\/soprador-a-bateria-bga-86-stihl\/","title":{"rendered":"Soprador \u00e0 Bateria BGA 86 &#8211; STIHL"},"content":{"rendered":"","protected":false},"excerpt":{"rendered":"<div class=\"tabs\">\n<div class=\"wrapper_content\">\n<div class=\"tabbody tabbody_large container_tab_1\">\n<div class=\"product-slider-wrapper\">\n<div class=\"product-slider-control\"><\/div>\n<\/div>\n<\/div>\n<\/div>\n<\/div>\n<div><strong>Leveza e pot\u00eancia para fazer muito mais<\/strong><\/div>\n<div>\n<div class=\"product-details__description richtexteditor\">O\u00a0<strong>soprador a bateria BGA 86<\/strong>\u00a0\u00e9 leve, potente e confort\u00e1vel de usar, al\u00e9m de ser 400g mais leve e contar com uma for\u00e7a de sopro 50% maior que o seu antecessor, o BGA 85. Outras caracter\u00edsticas s\u00e3o a baixa emiss\u00e3o de ru\u00eddos e resist\u00eancia \u00e0 chuva e ambientes de alta umidade.<\/div>\n<\/div>\n","protected":false},"featured_media":4304,"comment_status":"open","ping_status":"closed","template":"","meta":[],"product_cat":[200,343],"product_tag":[309,364],"acf":[],"_links":{"self":[{"href":"http:\/\/www.locacaodemaquinas.com.br\/site\/wp-json\/wp\/v2\/product\/4303"}],"collection":[{"href":"http:\/\/www.locacaodemaquinas.com.br\/site\/wp-json\/wp\/v2\/product"}],"about":[{"href":"http:\/\/www.locacaodemaquinas.com.br\/site\/wp-json\/wp\/v2\/types\/product"}],"replies":[{"embeddable":true,"href":"http:\/\/www.locacaodemaquinas.com.br\/site\/wp-json\/wp\/v2\/comments?post=4303"}],"wp:featuredmedia":[{"embeddable":true,"href":"http:\/\/www.locacaodemaquinas.com.br\/site\/wp-json\/wp\/v2\/media\/4304"}],"wp:attachment":[{"href":"http:\/\/www.locacaodemaquinas.com.br\/site\/wp-json\/wp\/v2\/media?parent=4303"}],"wp:term":[{"taxonomy":"product_cat","embeddable":true,"href":"http:\/\/www.locacaodemaquinas.com.br\/site\/wp-json\/wp\/v2\/product_cat?post=4303"},{"taxonomy":"product_tag","embeddable":true,"href":"http:\/\/www.locacaodemaquinas.com.br\/site\/wp-json\/wp\/v2\/product_tag?post=4303"}],"curies":[{"name":"wp","href":"https:\/\/api.w.org\/{rel}","templated":true}]}}