{"id":4307,"date":"2025-03-19T17:28:36","date_gmt":"2025-03-19T20:28:36","guid":{"rendered":"http:\/\/www.locacaodemaquinas.com.br\/site\/?post_type=product&#038;p=4307"},"modified":"2025-03-19T17:37:35","modified_gmt":"2025-03-19T20:37:35","slug":"soprador-eletrico-bge-71-stihl","status":"publish","type":"product","link":"http:\/\/www.locacaodemaquinas.com.br\/site\/loja\/principais-marcas\/marca-stihl\/soprador-eletrico-bge-71-stihl\/","title":{"rendered":"Soprador El\u00e9trico BGE 71 &#8211; STIHL"},"content":{"rendered":"","protected":false},"excerpt":{"rendered":"<p class=\"product-details__title\"><strong>Leve, potente, silencioso e muito f\u00e1cil de usar!<\/strong><\/p>\n<div class=\"product-details__description richtexteditor\">O\u00a0<strong>soprador el\u00e9trico STIHL BGE 71<\/strong>\u00a0\u00e9 super-silencioso para utiliza\u00e7\u00e3o em \u00e1reas residenciais e possui um forte efeito de sopro. Este soprador \u00e9 um produto da linha de ferramentas el\u00e9tricas, produzido com alta tecnologia alem\u00e3, design ergon\u00f4mico, \u00e9 muito f\u00e1cil de usar, reduz o esfor\u00e7o e aumenta a qualidade do trabalho. \u00c9 ideal para limpar folhas secas, papel e outros res\u00edduos semelhantes em m\u00e9dias e grandes \u00e1reas.\u00a0<em>Seguran\u00e7a do produto Soprador BGE 71 certificada compulsoriamente junto ao INMETRO.<\/em><\/div>\n","protected":false},"featured_media":4308,"comment_status":"open","ping_status":"closed","template":"","meta":[],"product_cat":[200,343],"product_tag":[309,364],"acf":[],"_links":{"self":[{"href":"http:\/\/www.locacaodemaquinas.com.br\/site\/wp-json\/wp\/v2\/product\/4307"}],"collection":[{"href":"http:\/\/www.locacaodemaquinas.com.br\/site\/wp-json\/wp\/v2\/product"}],"about":[{"href":"http:\/\/www.locacaodemaquinas.com.br\/site\/wp-json\/wp\/v2\/types\/product"}],"replies":[{"embeddable":true,"href":"http:\/\/www.locacaodemaquinas.com.br\/site\/wp-json\/wp\/v2\/comments?post=4307"}],"wp:featuredmedia":[{"embeddable":true,"href":"http:\/\/www.locacaodemaquinas.com.br\/site\/wp-json\/wp\/v2\/media\/4308"}],"wp:attachment":[{"href":"http:\/\/www.locacaodemaquinas.com.br\/site\/wp-json\/wp\/v2\/media?parent=4307"}],"wp:term":[{"taxonomy":"product_cat","embeddable":true,"href":"http:\/\/www.locacaodemaquinas.com.br\/site\/wp-json\/wp\/v2\/product_cat?post=4307"},{"taxonomy":"product_tag","embeddable":true,"href":"http:\/\/www.locacaodemaquinas.com.br\/site\/wp-json\/wp\/v2\/product_tag?post=4307"}],"curies":[{"name":"wp","href":"https:\/\/api.w.org\/{rel}","templated":true}]}}