{"id":4309,"date":"2025-03-19T17:38:56","date_gmt":"2025-03-19T20:38:56","guid":{"rendered":"http:\/\/www.locacaodemaquinas.com.br\/site\/?post_type=product&#038;p=4309"},"modified":"2025-03-21T16:28:25","modified_gmt":"2025-03-21T19:28:25","slug":"soprador-a-combustao-bg-50-stihl","status":"publish","type":"product","link":"http:\/\/www.locacaodemaquinas.com.br\/site\/loja\/principais-marcas\/marca-stihl\/soprador-a-combustao-bg-50-stihl\/","title":{"rendered":"Soprador a Combust\u00e3o BG 50 &#8211; STIHL"},"content":{"rendered":"","protected":false},"excerpt":{"rendered":"<p class=\"product-details__title\"><strong>Conforto e performance de sopro<\/strong><\/p>\n<div class=\"product-details__description richtexteditor\">O <strong>soprador BG 50 <\/strong>\u00e9 leve e pr\u00e1tico, \u00e9 indicado para a limpeza de \u00e1reas externas. Seu motor possui exclusiva tecnologia que proporciona redu\u00e7\u00e3o de gases e o carburador conta com um afogador integrado que facilita a partida do equipamento.<\/div>\n","protected":false},"featured_media":4310,"comment_status":"open","ping_status":"closed","template":"","meta":[],"product_cat":[200,343],"product_tag":[309,364],"acf":[],"_links":{"self":[{"href":"http:\/\/www.locacaodemaquinas.com.br\/site\/wp-json\/wp\/v2\/product\/4309"}],"collection":[{"href":"http:\/\/www.locacaodemaquinas.com.br\/site\/wp-json\/wp\/v2\/product"}],"about":[{"href":"http:\/\/www.locacaodemaquinas.com.br\/site\/wp-json\/wp\/v2\/types\/product"}],"replies":[{"embeddable":true,"href":"http:\/\/www.locacaodemaquinas.com.br\/site\/wp-json\/wp\/v2\/comments?post=4309"}],"wp:featuredmedia":[{"embeddable":true,"href":"http:\/\/www.locacaodemaquinas.com.br\/site\/wp-json\/wp\/v2\/media\/4310"}],"wp:attachment":[{"href":"http:\/\/www.locacaodemaquinas.com.br\/site\/wp-json\/wp\/v2\/media?parent=4309"}],"wp:term":[{"taxonomy":"product_cat","embeddable":true,"href":"http:\/\/www.locacaodemaquinas.com.br\/site\/wp-json\/wp\/v2\/product_cat?post=4309"},{"taxonomy":"product_tag","embeddable":true,"href":"http:\/\/www.locacaodemaquinas.com.br\/site\/wp-json\/wp\/v2\/product_tag?post=4309"}],"curies":[{"name":"wp","href":"https:\/\/api.w.org\/{rel}","templated":true}]}}