{"id":4343,"date":"2025-09-11T16:48:48","date_gmt":"2025-09-11T19:48:48","guid":{"rendered":"http:\/\/www.locacaodemaquinas.com.br\/site\/?post_type=product&#038;p=4343"},"modified":"2025-10-20T17:39:27","modified_gmt":"2025-10-20T20:39:27","slug":"oculos-kronos-af-kalipso","status":"publish","type":"product","link":"http:\/\/www.locacaodemaquinas.com.br\/site\/loja\/venda\/seguranca\/oculos-kronos-af-kalipso\/","title":{"rendered":"\u00d3culos Kronos AF &#8211; Kalipso"},"content":{"rendered":"<p><span class=\"TextRun BCX8 SCXP261340578\" lang=\"PT-BR\" xml:lang=\"PT-BR\" data-scheme-color=\"@FFFFFF,0,\" data-usefontface=\"false\" data-contrast=\"none\"><span class=\"NormalTextRun BCX8 SCXP261340578\"><strong>Trabalhe com confian\u00e7a.<br \/>\n<\/strong><\/span><\/span>Proteja seus olhos com os \u00d3culos Kronos, que oferecem \u00f3timo desempenho contra prote\u00e7\u00e3o de impactos frontais e radia\u00e7\u00e3o UV, conforto e seguran\u00e7a durante atividades em condi\u00e7\u00f5es extremas.<\/p>\n<ul>\n<li data-sourcepos=\"24:1-24:97\"><strong>Prote\u00e7\u00e3o superior:<\/strong>\u00a0Aprovado para prote\u00e7\u00e3o contra impactos de part\u00edculas volantes e redu\u00e7\u00e3o da transmiss\u00e3o de luminosidade intensa, al\u00e9m de prote\u00e7\u00e3o de 99,9% contra raios UV.<\/li>\n<li data-sourcepos=\"25:1-25:103\"><strong>Conforto incompar\u00e1vel:\u00a0<\/strong>Hastes emborrachada e antiderrapante com acabamento aprimorado para ajuste seguro e confort\u00e1vel durante o uso.<\/li>\n<li data-sourcepos=\"25:1-25:103\"><strong>Versatilidade:<\/strong>\u00a0Ideal para constru\u00e7\u00e3o civil, ind\u00fastrias, laborat\u00f3rios e outras aplica\u00e7\u00f5es que exijam prote\u00e7\u00e3o contra part\u00edculas e luminosidade intensa.<\/li>\n<\/ul>\n<p>&nbsp;<\/p>\n<p><strong>Detalhes e especifica\u00e7\u00f5es:<\/strong><\/p>\n<ul>\n<li data-sourcepos=\"25:1-25:103\"><b>Norma ANSI Z87+:<\/b>\u00a0Prote\u00e7\u00e3o contra impactos de part\u00edculas volantes e radia\u00e7\u00e3o UV<b>;<\/b><\/li>\n<li data-sourcepos=\"25:1-25:103\"><b>Material:<\/b>\u00a0Policarbonato (PCO), Poliamida (PA), Termopol\u00edmero borracha (TPR);<\/li>\n<li data-sourcepos=\"25:1-25:103\"><b>Cores:\u00a0<\/b>Incolor AF, Cinza AF.<\/li>\n<\/ul>\n","protected":false},"excerpt":{"rendered":"<p>Os \u00f3culos s\u00e3o projetados com design esportivo dotado de lentes com tratamento resistente a riscos, resistente ao emba\u00e7amento e formato que abrange desde o septo nasal at\u00e9 a extremidade externa dos olhos. Indicados para aplica\u00e7\u00f5es extremas que exijam elevada prote\u00e7\u00e3o contra impactos, redu\u00e7\u00e3o efetiva da transmit\u00e2ncia de luminosidade intensa e m\u00e1ximo de prote\u00e7\u00e3o contra raios ultravioletas UVA e UVB (290 nm \u00e0 380 nm).<\/p>\n","protected":false},"featured_media":4346,"comment_status":"open","ping_status":"closed","template":"","meta":[],"product_cat":[45,528],"product_tag":[740],"acf":[],"_links":{"self":[{"href":"http:\/\/www.locacaodemaquinas.com.br\/site\/wp-json\/wp\/v2\/product\/4343"}],"collection":[{"href":"http:\/\/www.locacaodemaquinas.com.br\/site\/wp-json\/wp\/v2\/product"}],"about":[{"href":"http:\/\/www.locacaodemaquinas.com.br\/site\/wp-json\/wp\/v2\/types\/product"}],"replies":[{"embeddable":true,"href":"http:\/\/www.locacaodemaquinas.com.br\/site\/wp-json\/wp\/v2\/comments?post=4343"}],"wp:featuredmedia":[{"embeddable":true,"href":"http:\/\/www.locacaodemaquinas.com.br\/site\/wp-json\/wp\/v2\/media\/4346"}],"wp:attachment":[{"href":"http:\/\/www.locacaodemaquinas.com.br\/site\/wp-json\/wp\/v2\/media?parent=4343"}],"wp:term":[{"taxonomy":"product_cat","embeddable":true,"href":"http:\/\/www.locacaodemaquinas.com.br\/site\/wp-json\/wp\/v2\/product_cat?post=4343"},{"taxonomy":"product_tag","embeddable":true,"href":"http:\/\/www.locacaodemaquinas.com.br\/site\/wp-json\/wp\/v2\/product_tag?post=4343"}],"curies":[{"name":"wp","href":"https:\/\/api.w.org\/{rel}","templated":true}]}}