{"id":4374,"date":"2025-09-22T17:50:04","date_gmt":"2025-09-22T20:50:04","guid":{"rendered":"http:\/\/www.locacaodemaquinas.com.br\/site\/?post_type=product&#038;p=4374"},"modified":"2025-10-11T12:00:50","modified_gmt":"2025-10-11T15:00:50","slug":"rocadeira-lateral-a-gasolina-fs-80-stihl","status":"publish","type":"product","link":"http:\/\/www.locacaodemaquinas.com.br\/site\/loja\/principais-marcas\/marca-stihl\/rocadeira-lateral-a-gasolina-fs-80-stihl\/","title":{"rendered":"Ro\u00e7adeira Lateral \u00e0 Gasolina FS 80 &#8211; STIHL"},"content":{"rendered":"<p>A <strong>Ro\u00e7adeira FS 80<\/strong> da STIHL \u00e9 a ferramenta perfeita para quem precisa de uma solu\u00e7\u00e3o eficiente de corte ocasional. Seja para cuidar de seu gramado, jardim ou \u00e1reas verdes, a FS 80 oferece um desempenho excepcional. Com seu design ergon\u00f4mico e f\u00e1cil de manusear, esta ro\u00e7adeira \u00e9 uma escolha inteligente para usu\u00e1rios dom\u00e9sticos que desejam manter seus espa\u00e7os exteriores impec\u00e1veis. Seu motor potente a torna ideal para os trabalhos di\u00e1rios de maior intensidade. A Ro\u00e7adeira FS 80 \u00e9 conhecida por sua durabilidade e confiabilidade, sendo indicada para uso na presta\u00e7\u00e3o de servi\u00e7os.<\/p>\n","protected":false},"excerpt":{"rendered":"<p>A\u00a0<strong>ro\u00e7adeira STIHL FS 80\u00a0<\/strong>\u00e9 pr\u00e1tica e vers\u00e1til, ideal para os trabalhos di\u00e1rios e de maior intensidade. Pode ser usada com at\u00e9 11 tipos de conjuntos de corte, permitindo diferentes formas de uso e acabamento. \u00c9 a ro\u00e7adeira ideal para a limpeza e a manuten\u00e7\u00e3o de jardins, gramados, capim alto, ervas daninhas e macegas, sendo indicada para uso na presta\u00e7\u00e3o de servi\u00e7os.<\/p>\n","protected":false},"featured_media":4375,"comment_status":"open","ping_status":"closed","template":"","meta":[],"product_cat":[343,518,522],"product_tag":[266,365,364],"acf":[],"_links":{"self":[{"href":"http:\/\/www.locacaodemaquinas.com.br\/site\/wp-json\/wp\/v2\/product\/4374"}],"collection":[{"href":"http:\/\/www.locacaodemaquinas.com.br\/site\/wp-json\/wp\/v2\/product"}],"about":[{"href":"http:\/\/www.locacaodemaquinas.com.br\/site\/wp-json\/wp\/v2\/types\/product"}],"replies":[{"embeddable":true,"href":"http:\/\/www.locacaodemaquinas.com.br\/site\/wp-json\/wp\/v2\/comments?post=4374"}],"wp:featuredmedia":[{"embeddable":true,"href":"http:\/\/www.locacaodemaquinas.com.br\/site\/wp-json\/wp\/v2\/media\/4375"}],"wp:attachment":[{"href":"http:\/\/www.locacaodemaquinas.com.br\/site\/wp-json\/wp\/v2\/media?parent=4374"}],"wp:term":[{"taxonomy":"product_cat","embeddable":true,"href":"http:\/\/www.locacaodemaquinas.com.br\/site\/wp-json\/wp\/v2\/product_cat?post=4374"},{"taxonomy":"product_tag","embeddable":true,"href":"http:\/\/www.locacaodemaquinas.com.br\/site\/wp-json\/wp\/v2\/product_tag?post=4374"}],"curies":[{"name":"wp","href":"https:\/\/api.w.org\/{rel}","templated":true}]}}