{"id":4379,"date":"2025-09-23T16:22:57","date_gmt":"2025-09-23T19:22:57","guid":{"rendered":"http:\/\/www.locacaodemaquinas.com.br\/site\/?post_type=product&#038;p=4379"},"modified":"2025-10-06T16:05:42","modified_gmt":"2025-10-06T19:05:42","slug":"rocadeira-lateral-a-gasolina-fs-120-stihl","status":"publish","type":"product","link":"http:\/\/www.locacaodemaquinas.com.br\/site\/loja\/principais-marcas\/marca-stihl\/rocadeira-lateral-a-gasolina-fs-120-stihl\/","title":{"rendered":"Ro\u00e7adeira Lateral \u00e0 Gasolina FS 120 &#8211; STIHL"},"content":{"rendered":"<p>A Ro\u00e7adeira FS 120 da STIHL \u00e9 a ferramenta ideal para ser utilizada na agricultura, pecu\u00e1ria, fruticultura e manuten\u00e7\u00e3o de rodovias e pra\u00e7as. Com sua pot\u00eancia e robustez, esta ro\u00e7adeira \u00e9 capaz de enfrentar vegeta\u00e7\u00e3o densa e desafiadora, tornando-a indispens\u00e1vel na manuten\u00e7\u00e3o do terreno e projetos de paisagismo. Seu motor eficiente garante um corte preciso e eficaz, enquanto o design ergon\u00f4mico proporciona conforto durante o uso prolongado. A Ro\u00e7adeira FS 120 \u00e9 projetada para durar, oferecendo confiabilidade a longo prazo mesmo nas condi\u00e7\u00f5es mais adversas.<\/p>\n","protected":false},"excerpt":{"rendered":"<p>A <strong>Ro\u00e7adeira FS 120<\/strong> da STIHL \u00e9 excelente para ro\u00e7ada de mato emaranhado e capoeiras altas. Potente e confi\u00e1vel, essa ro\u00e7adeira oferece alto desempenho e durabilidade.<\/p>\n","protected":false},"featured_media":4380,"comment_status":"open","ping_status":"closed","template":"","meta":[],"product_cat":[343,518,522],"product_tag":[266,365,364],"acf":[],"_links":{"self":[{"href":"http:\/\/www.locacaodemaquinas.com.br\/site\/wp-json\/wp\/v2\/product\/4379"}],"collection":[{"href":"http:\/\/www.locacaodemaquinas.com.br\/site\/wp-json\/wp\/v2\/product"}],"about":[{"href":"http:\/\/www.locacaodemaquinas.com.br\/site\/wp-json\/wp\/v2\/types\/product"}],"replies":[{"embeddable":true,"href":"http:\/\/www.locacaodemaquinas.com.br\/site\/wp-json\/wp\/v2\/comments?post=4379"}],"wp:featuredmedia":[{"embeddable":true,"href":"http:\/\/www.locacaodemaquinas.com.br\/site\/wp-json\/wp\/v2\/media\/4380"}],"wp:attachment":[{"href":"http:\/\/www.locacaodemaquinas.com.br\/site\/wp-json\/wp\/v2\/media?parent=4379"}],"wp:term":[{"taxonomy":"product_cat","embeddable":true,"href":"http:\/\/www.locacaodemaquinas.com.br\/site\/wp-json\/wp\/v2\/product_cat?post=4379"},{"taxonomy":"product_tag","embeddable":true,"href":"http:\/\/www.locacaodemaquinas.com.br\/site\/wp-json\/wp\/v2\/product_tag?post=4379"}],"curies":[{"name":"wp","href":"https:\/\/api.w.org\/{rel}","templated":true}]}}