{"id":4382,"date":"2025-09-23T17:06:14","date_gmt":"2025-09-23T20:06:14","guid":{"rendered":"http:\/\/www.locacaodemaquinas.com.br\/site\/?post_type=product&#038;p=4382"},"modified":"2025-09-23T17:28:57","modified_gmt":"2025-09-23T20:28:57","slug":"rocadeira-lateral-a-gasolina-fs-85-stihl","status":"publish","type":"product","link":"http:\/\/www.locacaodemaquinas.com.br\/site\/loja\/principais-marcas\/marca-stihl\/rocadeira-lateral-a-gasolina-fs-85-stihl\/","title":{"rendered":"Ro\u00e7adeira Lateral \u00e0 Gasolina FS 85 &#8211; STIHL"},"content":{"rendered":"<p>A Ro\u00e7adeira FS 85 da STIHL \u00e9 a escolha ideal para agricultores e pecuaristas que necessitam de uma m\u00e1quina de alta pot\u00eancia e desempenho para o manejo de vegeta\u00e7\u00e3o em suas propriedades. Com um motor robusto, esta ro\u00e7adeira \u00e9 capaz de lidar com vegeta\u00e7\u00e3o densa e resistente de forma eficaz. Sua facilidade de opera\u00e7\u00e3o \u00e9 um destaque, permitindo que at\u00e9 mesmo usu\u00e1rios inexperientes a utilizem com confian\u00e7a. O design ergon\u00f4mico e a tecnologia de amortecimento de vibra\u00e7\u00f5es tornam o trabalho mais confort\u00e1vel. Se voc\u00ea precisa de uma ro\u00e7adeira confi\u00e1vel e potente para manter sua fazenda ou propriedade em perfeitas condi\u00e7\u00f5es, a Ro\u00e7adeira FS 85 da STIHL \u00e9 a escolha certa.<\/p>\n","protected":false},"excerpt":{"rendered":"<p>A <strong>Ro\u00e7adeira FS 85<\/strong> da STIHL \u00e9 uma m\u00e1quina poderosa para uso agropecu\u00e1rio. Oferece desempenho excepcional e facilidade de opera\u00e7\u00e3o para lidar com o manejo de vegeta\u00e7\u00e3o em fazendas e propriedades rurais.<\/p>\n","protected":false},"featured_media":4383,"comment_status":"open","ping_status":"closed","template":"","meta":[],"product_cat":[343,518,522],"product_tag":[266,365,364],"acf":[],"_links":{"self":[{"href":"http:\/\/www.locacaodemaquinas.com.br\/site\/wp-json\/wp\/v2\/product\/4382"}],"collection":[{"href":"http:\/\/www.locacaodemaquinas.com.br\/site\/wp-json\/wp\/v2\/product"}],"about":[{"href":"http:\/\/www.locacaodemaquinas.com.br\/site\/wp-json\/wp\/v2\/types\/product"}],"replies":[{"embeddable":true,"href":"http:\/\/www.locacaodemaquinas.com.br\/site\/wp-json\/wp\/v2\/comments?post=4382"}],"wp:featuredmedia":[{"embeddable":true,"href":"http:\/\/www.locacaodemaquinas.com.br\/site\/wp-json\/wp\/v2\/media\/4383"}],"wp:attachment":[{"href":"http:\/\/www.locacaodemaquinas.com.br\/site\/wp-json\/wp\/v2\/media?parent=4382"}],"wp:term":[{"taxonomy":"product_cat","embeddable":true,"href":"http:\/\/www.locacaodemaquinas.com.br\/site\/wp-json\/wp\/v2\/product_cat?post=4382"},{"taxonomy":"product_tag","embeddable":true,"href":"http:\/\/www.locacaodemaquinas.com.br\/site\/wp-json\/wp\/v2\/product_tag?post=4382"}],"curies":[{"name":"wp","href":"https:\/\/api.w.org\/{rel}","templated":true}]}}