{"id":4410,"date":"2025-10-02T10:20:23","date_gmt":"2025-10-02T13:20:23","guid":{"rendered":"http:\/\/www.locacaodemaquinas.com.br\/site\/?post_type=product&#038;p=4410"},"modified":"2025-10-06T15:40:21","modified_gmt":"2025-10-06T18:40:21","slug":"lavadora-de-alta-pressao-re-150-stihl","status":"publish","type":"product","link":"http:\/\/www.locacaodemaquinas.com.br\/site\/loja\/principais-marcas\/marca-stihl\/lavadora-de-alta-pressao-re-150-stihl\/","title":{"rendered":"Lavadora de Alta Press\u00e3o RE 150 &#8211; STIHL"},"content":{"rendered":"<ul>\n<li>Lavadora de alta press\u00e3o resistente com press\u00e3o de trabalho de 140 bar e facilidade de uso<\/li>\n<li>Para limpeza de grande \u00e1reas, como est\u00e1bulos, fachadas telhados, pr\u00e9dios, carros e equipamentos agr<\/li>\n<li>Com cabe\u00e7ote da bomba em lat\u00e3o, motor de indu\u00e7\u00e3o e mangueira de alta press\u00e3o refor\u00e7ada com a\u00e7o<\/li>\n<li>Para usu\u00e1rios comerciais e dom\u00e9sticos exigentes<\/li>\n<\/ul>\n","protected":false},"excerpt":{"rendered":"<h2 class=\"product-details__title\">Para profissionais exigentes<\/h2>\n<div class=\"product-details__description richtexteditor\">Desenvolvida para profissionais exigentes, a\u00a0<strong>lavadora de alta press\u00e3o RE 150<\/strong>\u00a0possui alta capacidade de limpeza devido \u00e0 combina\u00e7\u00e3o de press\u00e3o e vaz\u00e3o, tornando a m\u00e1quina ideal para diversas atividades, como por exemplo: limpeza de est\u00e1bulos, ve\u00edculos e grandes \u00e1reas.\u00a0<em>Seguran\u00e7a do produto Lavadora de alta press\u00e3o RE 150 certificada compulsoriamente junto ao INMETRO.<\/em><\/div>\n","protected":false},"featured_media":4417,"comment_status":"open","ping_status":"closed","template":"","meta":[],"product_cat":[343,519,522],"product_tag":[363,313,364],"acf":[],"_links":{"self":[{"href":"http:\/\/www.locacaodemaquinas.com.br\/site\/wp-json\/wp\/v2\/product\/4410"}],"collection":[{"href":"http:\/\/www.locacaodemaquinas.com.br\/site\/wp-json\/wp\/v2\/product"}],"about":[{"href":"http:\/\/www.locacaodemaquinas.com.br\/site\/wp-json\/wp\/v2\/types\/product"}],"replies":[{"embeddable":true,"href":"http:\/\/www.locacaodemaquinas.com.br\/site\/wp-json\/wp\/v2\/comments?post=4410"}],"wp:featuredmedia":[{"embeddable":true,"href":"http:\/\/www.locacaodemaquinas.com.br\/site\/wp-json\/wp\/v2\/media\/4417"}],"wp:attachment":[{"href":"http:\/\/www.locacaodemaquinas.com.br\/site\/wp-json\/wp\/v2\/media?parent=4410"}],"wp:term":[{"taxonomy":"product_cat","embeddable":true,"href":"http:\/\/www.locacaodemaquinas.com.br\/site\/wp-json\/wp\/v2\/product_cat?post=4410"},{"taxonomy":"product_tag","embeddable":true,"href":"http:\/\/www.locacaodemaquinas.com.br\/site\/wp-json\/wp\/v2\/product_tag?post=4410"}],"curies":[{"name":"wp","href":"https:\/\/api.w.org\/{rel}","templated":true}]}}