{"id":4447,"date":"2025-10-28T09:56:02","date_gmt":"2025-10-28T12:56:02","guid":{"rendered":"http:\/\/www.locacaodemaquinas.com.br\/site\/?post_type=product&#038;p=4447"},"modified":"2025-10-28T09:58:48","modified_gmt":"2025-10-28T12:58:48","slug":"oleo-castrol-4-tempos-1l-stihl","status":"publish","type":"product","link":"http:\/\/www.locacaodemaquinas.com.br\/site\/loja\/principais-marcas\/marca-stihl\/oleo-castrol-4-tempos-1l-stihl\/","title":{"rendered":"\u00d3leo Castrol 4 tempos 1l &#8211; STIHL"},"content":{"rendered":"<div class=\"pr0 items-stretch vtex-flex-layout-0-x-stretchChildrenWidth flex\">\n<div class=\"vtex-flex-layout-0-x-flexCol vtex-flex-layout-0-x-flexCol--product-description-Usability ml0 mr0 pl0 pr0 flex flex-column h-100 w-100\">\n<div class=\"vtex-flex-layout-0-x-flexColChild vtex-flex-layout-0-x-flexColChild--product-description-Usability pb0\">\n<div class=\"vtex-store-components-3-x-productDescriptionContainer vtex-store-components-3-x-productDescriptionContainer--product-description\">\n<div class=\"vtex-store-components-3-x-productDescriptionText vtex-store-components-3-x-productDescriptionText--product-description c-muted-1\">\n<div class=\"vtex-store-components-3-x-container vtex-store-components-3-x-container--product-description relative\">\n<div class=\"vtex-store-components-3-x-content vtex-store-components-3-x-content--product-description h-auto\">O \u00f3leo Castrol STIHL 4 tempos SAE 10W-30 \u00e9 um lubrificante mineral de alto desempenho, desenvolvido especialmente pela Castrol para produtos STIHL. Cont\u00e9m aditivos antidesgaste, antioxidantes, detergente\/dispersante, antiespuma, anticorrosivos e modificador de \u00edndice de viscosidade, garantindo limpeza e prote\u00e7\u00e3o do motor em altas temperaturas. Possui especifica\u00e7\u00e3o SAE 10W-30 API SL, com registro na ANP 21666 e prazo de validade indeterminado sob condi\u00e7\u00f5es adequadas de armazenamento.<\/div>\n<\/div>\n<\/div>\n<\/div>\n<\/div>\n<div class=\"vtex-flex-layout-0-x-flexColChild vtex-flex-layout-0-x-flexColChild--product-description-Usability pb0\"><\/div>\n<\/div>\n<\/div>\n","protected":false},"excerpt":{"rendered":"<div class=\"pr0 items-stretch vtex-flex-layout-0-x-stretchChildrenWidth flex\">\n<div class=\"vtex-flex-layout-0-x-flexCol vtex-flex-layout-0-x-flexCol--product-description-Usability ml0 mr0 pl0 pr0 flex flex-column h-100 w-100\">\n<div class=\"vtex-flex-layout-0-x-flexColChild vtex-flex-layout-0-x-flexColChild--product-description-Usability pb0\">\n<div class=\"vtex-store-components-3-x-productDescriptionContainer vtex-store-components-3-x-productDescriptionContainer--product-description\">\n<div class=\"vtex-store-components-3-x-productDescriptionText vtex-store-components-3-x-productDescriptionText--product-description c-muted-1\">\n<div class=\"vtex-store-components-3-x-container vtex-store-components-3-x-container--product-description relative\">\n<div class=\"vtex-store-components-3-x-content vtex-store-components-3-x-content--product-description h-auto\">\n<div class=\"vtex-flex-layout-0-x-flexColChild vtex-flex-layout-0-x-flexColChild--containerProductDataDesk pb0\"><span class=\"stihlferramentas-loja-stihlferramentas-13-x-additionalDescriptionPDPText\">\u00d3leo lubrificante mineral de alto desempenho para motores 4 tempos de ferramentas motorizadas STIHL.<\/span><\/div>\n<\/div>\n<\/div>\n<\/div>\n<\/div>\n<\/div>\n<div class=\"vtex-flex-layout-0-x-flexColChild vtex-flex-layout-0-x-flexColChild--product-description-Usability pb0\"><\/div>\n<\/div>\n<\/div>\n","protected":false},"featured_media":4448,"comment_status":"open","ping_status":"closed","template":"","meta":[],"product_cat":[343,520],"product_tag":[580],"acf":[],"_links":{"self":[{"href":"http:\/\/www.locacaodemaquinas.com.br\/site\/wp-json\/wp\/v2\/product\/4447"}],"collection":[{"href":"http:\/\/www.locacaodemaquinas.com.br\/site\/wp-json\/wp\/v2\/product"}],"about":[{"href":"http:\/\/www.locacaodemaquinas.com.br\/site\/wp-json\/wp\/v2\/types\/product"}],"replies":[{"embeddable":true,"href":"http:\/\/www.locacaodemaquinas.com.br\/site\/wp-json\/wp\/v2\/comments?post=4447"}],"wp:featuredmedia":[{"embeddable":true,"href":"http:\/\/www.locacaodemaquinas.com.br\/site\/wp-json\/wp\/v2\/media\/4448"}],"wp:attachment":[{"href":"http:\/\/www.locacaodemaquinas.com.br\/site\/wp-json\/wp\/v2\/media?parent=4447"}],"wp:term":[{"taxonomy":"product_cat","embeddable":true,"href":"http:\/\/www.locacaodemaquinas.com.br\/site\/wp-json\/wp\/v2\/product_cat?post=4447"},{"taxonomy":"product_tag","embeddable":true,"href":"http:\/\/www.locacaodemaquinas.com.br\/site\/wp-json\/wp\/v2\/product_tag?post=4447"}],"curies":[{"name":"wp","href":"https:\/\/api.w.org\/{rel}","templated":true}]}}