{"id":4465,"date":"2025-11-08T10:03:29","date_gmt":"2025-11-08T13:03:29","guid":{"rendered":"http:\/\/www.locacaodemaquinas.com.br\/site\/?post_type=product&#038;p=4465"},"modified":"2025-12-01T15:57:59","modified_gmt":"2025-12-01T18:57:59","slug":"extratora-para-solido-e-liquido-ep150-ipc","status":"publish","type":"product","link":"http:\/\/www.locacaodemaquinas.com.br\/site\/loja\/venda\/limpeza-compras\/extratora-para-solido-e-liquido-ep150-ipc\/","title":{"rendered":"Extratora para S\u00f3lido e L\u00edquido EP150 &#8211; IPC"},"content":{"rendered":"<div class=\"et_pb_module et_pb_text et_pb_text_0 et_pb_text_align_left et_pb_bg_layout_dark\">\n<div class=\"et_pb_text_inner\">\n<h3>Caracter\u00edsticas Principais<\/h3>\n<\/div>\n<\/div>\n<div class=\"et_pb_module et_pb_divider et_pb_divider_0 et_pb_divider_position_center et_pb_space\">\n<div class=\"et_pb_divider_internal\"><\/div>\n<\/div>\n<div class=\"et_pb_module et_pb_text et_pb_text_1 et_pb_text_align_left et_pb_bg_layout_dark\">\n<div class=\"et_pb_text_inner\">\n<ul>\n<li>Extratora e aspirador profissional para\u00a0s\u00f3lidos e l\u00edquidos<\/li>\n<li>Possui bomba para inje\u00e7\u00e3o d\u2019\u00e1gua<\/li>\n<li>Motor Ametek de alto desempenho<\/li>\n<li>Alta produtividade na lavagem de carpetes<\/li>\n<li>Baixo n\u00edvel de ru\u00eddo (70dB)<\/li>\n<li>For\u00e7a de aspira\u00e7\u00e3o de 215 m\u00b3\/h<\/li>\n<li>Pot\u00eancia de 1200W e 1400W<\/li>\n<li>For\u00e7a de suc\u00e7\u00e3o 2400mmH2O<\/li>\n<li>Filtro em poli\u00e9ster<\/li>\n<li>Mangueira ultra flex\u00edvel<\/li>\n<\/ul>\n<p>*As imagens s\u00e3o meramente ilustrativas.<\/p>\n<\/div>\n<\/div>\n","protected":false},"excerpt":{"rendered":"<p>Lavadora extratora para s\u00f3lidos e l\u00edquidos. Equipamento com duas fun\u00e7\u00f5es. Utilizado para limpeza de pisos, estofados, pisos frios (piso vin\u00edlico, azulejos, etc.), sof\u00e1s, cadeiras. Ideal para hot\u00e9is, hospitais, escrit\u00f3rios e empresas de limpeza. Baixo n\u00edvel de ru\u00eddo.<\/p>\n","protected":false},"featured_media":4466,"comment_status":"open","ping_status":"closed","template":"","meta":[],"product_cat":[519],"product_tag":[878,313],"acf":[],"_links":{"self":[{"href":"http:\/\/www.locacaodemaquinas.com.br\/site\/wp-json\/wp\/v2\/product\/4465"}],"collection":[{"href":"http:\/\/www.locacaodemaquinas.com.br\/site\/wp-json\/wp\/v2\/product"}],"about":[{"href":"http:\/\/www.locacaodemaquinas.com.br\/site\/wp-json\/wp\/v2\/types\/product"}],"replies":[{"embeddable":true,"href":"http:\/\/www.locacaodemaquinas.com.br\/site\/wp-json\/wp\/v2\/comments?post=4465"}],"wp:featuredmedia":[{"embeddable":true,"href":"http:\/\/www.locacaodemaquinas.com.br\/site\/wp-json\/wp\/v2\/media\/4466"}],"wp:attachment":[{"href":"http:\/\/www.locacaodemaquinas.com.br\/site\/wp-json\/wp\/v2\/media?parent=4465"}],"wp:term":[{"taxonomy":"product_cat","embeddable":true,"href":"http:\/\/www.locacaodemaquinas.com.br\/site\/wp-json\/wp\/v2\/product_cat?post=4465"},{"taxonomy":"product_tag","embeddable":true,"href":"http:\/\/www.locacaodemaquinas.com.br\/site\/wp-json\/wp\/v2\/product_tag?post=4465"}],"curies":[{"name":"wp","href":"https:\/\/api.w.org\/{rel}","templated":true}]}}