{"id":4471,"date":"2025-12-01T16:58:43","date_gmt":"2025-12-01T19:58:43","guid":{"rendered":"http:\/\/www.locacaodemaquinas.com.br\/site\/?post_type=product&#038;p=4471"},"modified":"2025-12-13T11:08:31","modified_gmt":"2025-12-13T14:08:31","slug":"removedor-plus-super-concentrado-maxbio","status":"publish","type":"product","link":"http:\/\/www.locacaodemaquinas.com.br\/site\/loja\/principais-marcas\/maxbio\/removedor-plus-super-concentrado-maxbio\/","title":{"rendered":"Removedor Plus Super Concentrado &#8211; Maxbio"},"content":{"rendered":"<p>Dispon\u00edvel nas embalagens de 1 litro e 5 litros.<\/p>\n","protected":false},"excerpt":{"rendered":"<p>Removedor Plus Superconcentrado \u00e9 um produto de alta efic\u00e1cia, indicado para a remo\u00e7\u00e3o de ceras, bases seladoras, impermeabilizantes \u00e0 base de \u00e1gua, acr\u00edlicos e carna\u00faba.<\/p>\n<p>Recomendado para diversos ambientes, como hospitais, cl\u00ednicas, shoppings, condom\u00ednios e \u00e1reas comerciais em geral, \u00e9 ideal para pisos de granilite, granito, m\u00e1rmore, ard\u00f3sia, paviflex, vin\u00edlico e demais superf\u00edcies tratadas.<\/p>\n","protected":false},"featured_media":4521,"comment_status":"open","ping_status":"closed","template":"","meta":[],"product_cat":[975,519],"product_tag":[976],"acf":[],"_links":{"self":[{"href":"http:\/\/www.locacaodemaquinas.com.br\/site\/wp-json\/wp\/v2\/product\/4471"}],"collection":[{"href":"http:\/\/www.locacaodemaquinas.com.br\/site\/wp-json\/wp\/v2\/product"}],"about":[{"href":"http:\/\/www.locacaodemaquinas.com.br\/site\/wp-json\/wp\/v2\/types\/product"}],"replies":[{"embeddable":true,"href":"http:\/\/www.locacaodemaquinas.com.br\/site\/wp-json\/wp\/v2\/comments?post=4471"}],"wp:featuredmedia":[{"embeddable":true,"href":"http:\/\/www.locacaodemaquinas.com.br\/site\/wp-json\/wp\/v2\/media\/4521"}],"wp:attachment":[{"href":"http:\/\/www.locacaodemaquinas.com.br\/site\/wp-json\/wp\/v2\/media?parent=4471"}],"wp:term":[{"taxonomy":"product_cat","embeddable":true,"href":"http:\/\/www.locacaodemaquinas.com.br\/site\/wp-json\/wp\/v2\/product_cat?post=4471"},{"taxonomy":"product_tag","embeddable":true,"href":"http:\/\/www.locacaodemaquinas.com.br\/site\/wp-json\/wp\/v2\/product_tag?post=4471"}],"curies":[{"name":"wp","href":"https:\/\/api.w.org\/{rel}","templated":true}]}}