{"id":4474,"date":"2025-12-01T17:00:17","date_gmt":"2025-12-01T20:00:17","guid":{"rendered":"http:\/\/www.locacaodemaquinas.com.br\/site\/?post_type=product&#038;p=4474"},"modified":"2025-12-13T11:15:15","modified_gmt":"2025-12-13T14:15:15","slug":"base-seladora-maxbio","status":"publish","type":"product","link":"http:\/\/www.locacaodemaquinas.com.br\/site\/loja\/principais-marcas\/maxbio\/base-seladora-maxbio\/","title":{"rendered":"Base Seladora &#8211; Maxbio"},"content":{"rendered":"<p>Dispon\u00edvel nas embalagens de 1 litro e 5 litros.<\/p>\n","protected":false},"excerpt":{"rendered":"<p>A Base Seladora \u00e9 um produto\u00a0<strong>essencial\u00a0<\/strong>no tratamento preliminar para a aplica\u00e7\u00e3o de\u00a0<strong>impermeabilizantes e protetores<\/strong>\u00a0em diversos tipos de pisos porosos.<\/p>\n<p>Ideal para ard\u00f3sias, granilites, concretos polidos, cimentados, assoalhos e pisos frios em geral, sua aplica\u00e7\u00e3o\u00a0<strong>proporciona benef\u00edcios fundamentais<\/strong>\u00a0para a\u00a0<strong>conserva\u00e7\u00e3o e prote\u00e7\u00e3o eficaz<\/strong>\u00a0de superf\u00edcies porosas.<\/p>\n","protected":false},"featured_media":4499,"comment_status":"open","ping_status":"closed","template":"","meta":[],"product_cat":[975,519],"product_tag":[976],"acf":[],"_links":{"self":[{"href":"http:\/\/www.locacaodemaquinas.com.br\/site\/wp-json\/wp\/v2\/product\/4474"}],"collection":[{"href":"http:\/\/www.locacaodemaquinas.com.br\/site\/wp-json\/wp\/v2\/product"}],"about":[{"href":"http:\/\/www.locacaodemaquinas.com.br\/site\/wp-json\/wp\/v2\/types\/product"}],"replies":[{"embeddable":true,"href":"http:\/\/www.locacaodemaquinas.com.br\/site\/wp-json\/wp\/v2\/comments?post=4474"}],"wp:featuredmedia":[{"embeddable":true,"href":"http:\/\/www.locacaodemaquinas.com.br\/site\/wp-json\/wp\/v2\/media\/4499"}],"wp:attachment":[{"href":"http:\/\/www.locacaodemaquinas.com.br\/site\/wp-json\/wp\/v2\/media?parent=4474"}],"wp:term":[{"taxonomy":"product_cat","embeddable":true,"href":"http:\/\/www.locacaodemaquinas.com.br\/site\/wp-json\/wp\/v2\/product_cat?post=4474"},{"taxonomy":"product_tag","embeddable":true,"href":"http:\/\/www.locacaodemaquinas.com.br\/site\/wp-json\/wp\/v2\/product_tag?post=4474"}],"curies":[{"name":"wp","href":"https:\/\/api.w.org\/{rel}","templated":true}]}}