{"id":4476,"date":"2025-12-01T17:09:08","date_gmt":"2025-12-01T20:09:08","guid":{"rendered":"http:\/\/www.locacaodemaquinas.com.br\/site\/?post_type=product&#038;p=4476"},"modified":"2025-12-13T11:13:38","modified_gmt":"2025-12-13T14:13:38","slug":"impermeabilizante-protetor-hs-maxbio","status":"publish","type":"product","link":"http:\/\/www.locacaodemaquinas.com.br\/site\/loja\/principais-marcas\/maxbio\/impermeabilizante-protetor-hs-maxbio\/","title":{"rendered":"Impermeabilizante Protetor HS &#8211; Maxbio"},"content":{"rendered":"<p>Dispon\u00edvel nas embalagens de 1 litro e 5 litros.<\/p>\n","protected":false},"excerpt":{"rendered":"<p>Protetor HS \u00e9 um produto de\u00a0<strong>alta performance<\/strong>, especialmente desenvolvido para a\u00a0<strong>impermeabiliza\u00e7\u00e3o\u00a0<\/strong>e o\u00a0<strong>tratamento\u00a0<\/strong>de pisos sujeitos a tr\u00e1fego intenso.<\/p>\n<p>Forma um filme\u00a0<strong>super resistente<\/strong>, com<strong>\u00a0propriedades antiderrapantes e brilho intenso<\/strong>, sendo ideal para ambientes como hipermercados, shoppings, hospitais, condom\u00ednios e outras \u00e1reas de grande circula\u00e7\u00e3o.<\/p>\n","protected":false},"featured_media":4499,"comment_status":"open","ping_status":"closed","template":"","meta":[],"product_cat":[975,519],"product_tag":[976],"acf":[],"_links":{"self":[{"href":"http:\/\/www.locacaodemaquinas.com.br\/site\/wp-json\/wp\/v2\/product\/4476"}],"collection":[{"href":"http:\/\/www.locacaodemaquinas.com.br\/site\/wp-json\/wp\/v2\/product"}],"about":[{"href":"http:\/\/www.locacaodemaquinas.com.br\/site\/wp-json\/wp\/v2\/types\/product"}],"replies":[{"embeddable":true,"href":"http:\/\/www.locacaodemaquinas.com.br\/site\/wp-json\/wp\/v2\/comments?post=4476"}],"wp:featuredmedia":[{"embeddable":true,"href":"http:\/\/www.locacaodemaquinas.com.br\/site\/wp-json\/wp\/v2\/media\/4499"}],"wp:attachment":[{"href":"http:\/\/www.locacaodemaquinas.com.br\/site\/wp-json\/wp\/v2\/media?parent=4476"}],"wp:term":[{"taxonomy":"product_cat","embeddable":true,"href":"http:\/\/www.locacaodemaquinas.com.br\/site\/wp-json\/wp\/v2\/product_cat?post=4476"},{"taxonomy":"product_tag","embeddable":true,"href":"http:\/\/www.locacaodemaquinas.com.br\/site\/wp-json\/wp\/v2\/product_tag?post=4476"}],"curies":[{"name":"wp","href":"https:\/\/api.w.org\/{rel}","templated":true}]}}