{"id":4480,"date":"2025-12-01T17:24:21","date_gmt":"2025-12-01T20:24:21","guid":{"rendered":"http:\/\/www.locacaodemaquinas.com.br\/site\/?post_type=product&#038;p=4480"},"modified":"2025-12-13T11:14:32","modified_gmt":"2025-12-13T14:14:32","slug":"limpador-desengordurante-nograx-free-concentrado-maxbio","status":"publish","type":"product","link":"http:\/\/www.locacaodemaquinas.com.br\/site\/loja\/principais-marcas\/maxbio\/limpador-desengordurante-nograx-free-concentrado-maxbio\/","title":{"rendered":"Limpador Desengordurante Nograx Free &#8211; Maxbio"},"content":{"rendered":"<p>Dispon\u00edvel nas embalagens de 1 litro e 5 litros.<\/p>\n","protected":false},"excerpt":{"rendered":"<div class=\"elementor-element elementor-element-94648b2 elementor-widget elementor-widget-heading animated fadeInUp\" data-id=\"94648b2\" data-element_type=\"widget\" data-settings=\"{&quot;_animation&quot;:&quot;fadeInUp&quot;}\" data-widget_type=\"heading.default\">\n<p class=\"elementor-heading-title elementor-size-default\">Nograx Free \u00e9 um limpador desengordurante superconcentrado, <strong>desenvolvido para proporcionar m\u00e1xima efic\u00e1cia<\/strong>\u00a0na limpeza de uma\u00a0<strong>ampla variedade de superf\u00edcies.<\/strong><\/p>\n<\/div>\n<div class=\"elementor-element elementor-element-3e89b0a elementor-widget elementor-widget-theme-post-content\" data-id=\"3e89b0a\" data-element_type=\"widget\" data-widget_type=\"theme-post-content.default\">\n<p>\u00c9\u00a0<strong>indicado\u00a0<\/strong>para paredes, azulejos, revestimentos, forros, coifas, fritadeiras, m\u00e1rmores, granitos, f\u00f3rmicas, chapas, fog\u00f5es, geladeiras, pisos vitrificados, porcelanatos, ep\u00f3xi, PU, cer\u00e2micas e\u00a0<strong>demais superf\u00edcies lav\u00e1veis.<\/strong><\/p>\n<\/div>\n","protected":false},"featured_media":4516,"comment_status":"open","ping_status":"closed","template":"","meta":[],"product_cat":[975,519],"product_tag":[978,977],"acf":[],"_links":{"self":[{"href":"http:\/\/www.locacaodemaquinas.com.br\/site\/wp-json\/wp\/v2\/product\/4480"}],"collection":[{"href":"http:\/\/www.locacaodemaquinas.com.br\/site\/wp-json\/wp\/v2\/product"}],"about":[{"href":"http:\/\/www.locacaodemaquinas.com.br\/site\/wp-json\/wp\/v2\/types\/product"}],"replies":[{"embeddable":true,"href":"http:\/\/www.locacaodemaquinas.com.br\/site\/wp-json\/wp\/v2\/comments?post=4480"}],"wp:featuredmedia":[{"embeddable":true,"href":"http:\/\/www.locacaodemaquinas.com.br\/site\/wp-json\/wp\/v2\/media\/4516"}],"wp:attachment":[{"href":"http:\/\/www.locacaodemaquinas.com.br\/site\/wp-json\/wp\/v2\/media?parent=4480"}],"wp:term":[{"taxonomy":"product_cat","embeddable":true,"href":"http:\/\/www.locacaodemaquinas.com.br\/site\/wp-json\/wp\/v2\/product_cat?post=4480"},{"taxonomy":"product_tag","embeddable":true,"href":"http:\/\/www.locacaodemaquinas.com.br\/site\/wp-json\/wp\/v2\/product_tag?post=4480"}],"curies":[{"name":"wp","href":"https:\/\/api.w.org\/{rel}","templated":true}]}}