{"id":4483,"date":"2025-12-01T17:41:49","date_gmt":"2025-12-01T20:41:49","guid":{"rendered":"http:\/\/www.locacaodemaquinas.com.br\/site\/?post_type=product&#038;p=4483"},"modified":"2025-12-13T11:12:49","modified_gmt":"2025-12-13T14:12:49","slug":"limpador-multitensoativo-soleil-para-teto-solar-maxbio","status":"publish","type":"product","link":"http:\/\/www.locacaodemaquinas.com.br\/site\/loja\/principais-marcas\/maxbio\/limpador-multitensoativo-soleil-para-teto-solar-maxbio\/","title":{"rendered":"Limpador Soleil para Teto Solar &#8211; Maxbio"},"content":{"rendered":"<p>Dispon\u00edvel nas embalagens de 1 litro, 5 litros e 20 litros.<\/p>\n","protected":false},"excerpt":{"rendered":"<div class=\"elementor-element elementor-element-94648b2 elementor-widget elementor-widget-heading animated fadeInUp\" data-id=\"94648b2\" data-element_type=\"widget\" data-settings=\"{&quot;_animation&quot;:&quot;fadeInUp&quot;}\" data-widget_type=\"heading.default\">\n<p class=\"elementor-heading-title elementor-size-default\">O Soleil \u00e9 um\u00a0<strong>limpador multitensoativo<\/strong>\u00a0desenvolvido para a\u00a0<strong>limpeza\u00a0<\/strong>e\u00a0<strong>prote\u00e7\u00e3o eficiente<\/strong>\u00a0de pain\u00e9is solares. Sua\u00a0<strong>f\u00f3rmula inovadora remove instantaneamente a sujeira<\/strong>, formando uma<strong>\u00a0pel\u00edcula protetora<\/strong>\u00a0que mant\u00e9m a\u00a0<strong>superf\u00edcie limpa por mais tempo<\/strong>. Al\u00e9m disso, oferece\u00a0<strong>prote\u00e7\u00e3o\u00a0<\/strong>contra agentes externos como chuva, fuligem e poeira, restaurando a\u00a0<strong>transpar\u00eancia\u00a0<\/strong>e favorecendo a\u00a0<strong>capta\u00e7\u00e3o e efici\u00eancia energ\u00e9tica.<\/strong><\/p>\n<\/div>\n","protected":false},"featured_media":4522,"comment_status":"open","ping_status":"closed","template":"","meta":[],"product_cat":[975,519],"product_tag":[313,979],"acf":[],"_links":{"self":[{"href":"http:\/\/www.locacaodemaquinas.com.br\/site\/wp-json\/wp\/v2\/product\/4483"}],"collection":[{"href":"http:\/\/www.locacaodemaquinas.com.br\/site\/wp-json\/wp\/v2\/product"}],"about":[{"href":"http:\/\/www.locacaodemaquinas.com.br\/site\/wp-json\/wp\/v2\/types\/product"}],"replies":[{"embeddable":true,"href":"http:\/\/www.locacaodemaquinas.com.br\/site\/wp-json\/wp\/v2\/comments?post=4483"}],"wp:featuredmedia":[{"embeddable":true,"href":"http:\/\/www.locacaodemaquinas.com.br\/site\/wp-json\/wp\/v2\/media\/4522"}],"wp:attachment":[{"href":"http:\/\/www.locacaodemaquinas.com.br\/site\/wp-json\/wp\/v2\/media?parent=4483"}],"wp:term":[{"taxonomy":"product_cat","embeddable":true,"href":"http:\/\/www.locacaodemaquinas.com.br\/site\/wp-json\/wp\/v2\/product_cat?post=4483"},{"taxonomy":"product_tag","embeddable":true,"href":"http:\/\/www.locacaodemaquinas.com.br\/site\/wp-json\/wp\/v2\/product_tag?post=4483"}],"curies":[{"name":"wp","href":"https:\/\/api.w.org\/{rel}","templated":true}]}}