{"id":4494,"date":"2025-12-11T17:41:33","date_gmt":"2025-12-11T20:41:33","guid":{"rendered":"http:\/\/www.locacaodemaquinas.com.br\/site\/?post_type=product&#038;p=4494"},"modified":"2025-12-17T16:05:34","modified_gmt":"2025-12-17T19:05:34","slug":"kit-limpador-superconcentrado-overhouse-eco-refil-pulverizador-maxbio","status":"publish","type":"product","link":"http:\/\/www.locacaodemaquinas.com.br\/site\/loja\/principais-marcas\/maxbio\/kit-limpador-superconcentrado-overhouse-eco-refil-pulverizador-maxbio\/","title":{"rendered":"Kit Limpador Superconcentrado Overhouse Eco + Refil Pulverizador &#8211; Maxbio"},"content":{"rendered":"<p>Pode ser aplicado em qualquer tipo de piso desde m\u00e1rmore, granitos, porcelanatos, at\u00e9 pisos de banheiros, quintais e canis.<\/p>\n<p>Atua na limpeza de gordura e sujidades em geral, contendo ainda poder bactericida e a\u00e7\u00e3o repelente atrav\u00e9s do extrato vegetal de Canela.<\/p>\n<p>&nbsp;<\/p>\n<p><strong>Modo de usar:<\/strong><\/p>\n<p>Diluir o OVERHOUSE ECO \u00e9 muito simples, deixa a tampa do dosador da embalagem semiaberta e aperte o frasco at\u00e9 que o conte\u00fado do produto tenha completado o o dosador. Adicionar esta por\u00e7\u00e3o produto no balde com 5 Litros de \u00e1gua. Aplique ent\u00e3o a solu\u00e7\u00e3o dilu\u00edda nas superf\u00edcies e deixe agir aproximadamente por 5 minutos, sem deixar secar esfregar com vassoura de cerdas macias e enxaguar. Pode ser aplicado tamb\u00e9m com pano ou MOP.<\/p>\n<p>Para melhor desempenho do produto e aplica\u00e7\u00e3o correta siga sempre as informa\u00e7\u00f5es de dilui\u00e7\u00e3o e aplica\u00e7\u00e3o do fabricante.<\/p>\n<p>&nbsp;<\/p>\n<p>&nbsp;<\/p>\n","protected":false},"excerpt":{"rendered":"<p>Elimina odores, poder bactericida, repele insetos.<\/p>\n<p>O OVERHOUSE ECO \u00e9 o limpador de uso geral superconcentrado da Maxbio!<br \/>\nAssim como os outros produtos da linha, ele tem o rendimento fant\u00e1stico e m\u00faltiplas funcionalidades.<\/p>\n<p>Com apenas 1 embalagem de 1 Litro voc\u00ea faz at\u00e9 50 litros de produto!<\/p>\n<p>&nbsp;<\/p>\n","protected":false},"featured_media":4550,"comment_status":"open","ping_status":"closed","template":"","meta":[],"product_cat":[975,519],"product_tag":[313],"acf":[],"_links":{"self":[{"href":"http:\/\/www.locacaodemaquinas.com.br\/site\/wp-json\/wp\/v2\/product\/4494"}],"collection":[{"href":"http:\/\/www.locacaodemaquinas.com.br\/site\/wp-json\/wp\/v2\/product"}],"about":[{"href":"http:\/\/www.locacaodemaquinas.com.br\/site\/wp-json\/wp\/v2\/types\/product"}],"replies":[{"embeddable":true,"href":"http:\/\/www.locacaodemaquinas.com.br\/site\/wp-json\/wp\/v2\/comments?post=4494"}],"wp:featuredmedia":[{"embeddable":true,"href":"http:\/\/www.locacaodemaquinas.com.br\/site\/wp-json\/wp\/v2\/media\/4550"}],"wp:attachment":[{"href":"http:\/\/www.locacaodemaquinas.com.br\/site\/wp-json\/wp\/v2\/media?parent=4494"}],"wp:term":[{"taxonomy":"product_cat","embeddable":true,"href":"http:\/\/www.locacaodemaquinas.com.br\/site\/wp-json\/wp\/v2\/product_cat?post=4494"},{"taxonomy":"product_tag","embeddable":true,"href":"http:\/\/www.locacaodemaquinas.com.br\/site\/wp-json\/wp\/v2\/product_tag?post=4494"}],"curies":[{"name":"wp","href":"https:\/\/api.w.org\/{rel}","templated":true}]}}