{"id":4495,"date":"2025-12-11T17:41:37","date_gmt":"2025-12-11T20:41:37","guid":{"rendered":"http:\/\/www.locacaodemaquinas.com.br\/site\/?post_type=product&#038;p=4495"},"modified":"2025-12-13T11:41:04","modified_gmt":"2025-12-13T14:41:04","slug":"limpador-multitensoativo-tenso-concentrado-1l-maxbio","status":"publish","type":"product","link":"http:\/\/www.locacaodemaquinas.com.br\/site\/loja\/principais-marcas\/maxbio\/limpador-multitensoativo-tenso-concentrado-1l-maxbio\/","title":{"rendered":"Limpador Multitensoativo Tenso Concentrado &#8211; Maxbio"},"content":{"rendered":"<h3>Caracter\u00edsticas do produto<\/h3>\n<ul>\n<li>Sem esfor\u00e7o;<\/li>\n<li>Sem enx\u00e1gue;<\/li>\n<li>Instant\u00e2neo.<\/li>\n<\/ul>\n<p>&nbsp;<\/p>\n<h3>Indica\u00e7\u00e3o de uso<\/h3>\n<p>Indicado para limpeza sob pulveriza\u00e7\u00e3o e sem enx\u00e1gue de paredes, revestimentos, f\u00f3rmicas, chapas, fog\u00f5es, geladeiras, macas, pisos vitrificados, cer\u00e2micas, m\u00e1rmores, granitos, porcelanatos vin\u00edlicos, paviflex, l\u00e1tex, esmaltes, estofados, carpetes, couros, pl\u00e1sticos, borrachas, acr\u00edlicos, policarbonatos e superf\u00edcies em geral.<\/p>\n<p>&nbsp;<\/p>\n<h3>Modo de uso<\/h3>\n<p>Pulverizar economicamente TENSO, de maneira uniforme, sobre a superf\u00edcie a ser limpa; remover com pano limpo e umedecido, dispensando o enx\u00e1gue.<\/p>\n<p>Abaixo, m\u00e9dia de dilui\u00e7\u00f5es de acordo com o tipo de sujidade:<\/p>\n<ul>\n<li>Limpeza de manuten\u00e7\u00e3o: 1:5 at\u00e9 1:20. Diluir 1 parte do produto para 5 at\u00e9 20 partes com \u00e1gua.<\/li>\n<li>Limpeza pesada: 1:1 at\u00e9 1:5. Diluir 1 parte do produto para 1 at\u00e9 5 partes com \u00e1gua.<\/li>\n<\/ul>\n<p><strong>Recomenda\u00e7\u00f5es<\/strong>: N\u00e3o usar pano encardido, pois poder\u00e1 ocorrer transfer\u00eancia de res\u00edduos do pano no local limpo. Durante a pulveriza\u00e7\u00e3o, mantenha o frasco pulverizador na posi\u00e7\u00e3o vertical a aproximadamente 15cm da superf\u00edcie.<\/p>\n","protected":false},"excerpt":{"rendered":"<p>Tenso \u00e9 Multilimpador indicado para limpeza sob pulveriza\u00e7\u00e3o e sem enxague para todos os tipos de superf\u00edcies, \u00e9 eficiente atrav\u00e9s de simples pulveriza\u00e7\u00e3o como manuten\u00e7\u00e3o dom\u00e9stica bem como quando aplicado com a m\u00e1quina extratora traz o resultado surpreendente como produto profissional.<\/p>\n<p>&nbsp;<\/p>\n<p>&nbsp;<\/p>\n","protected":false},"featured_media":4524,"comment_status":"open","ping_status":"closed","template":"","meta":[],"product_cat":[975,519],"product_tag":[313],"acf":[],"_links":{"self":[{"href":"http:\/\/www.locacaodemaquinas.com.br\/site\/wp-json\/wp\/v2\/product\/4495"}],"collection":[{"href":"http:\/\/www.locacaodemaquinas.com.br\/site\/wp-json\/wp\/v2\/product"}],"about":[{"href":"http:\/\/www.locacaodemaquinas.com.br\/site\/wp-json\/wp\/v2\/types\/product"}],"replies":[{"embeddable":true,"href":"http:\/\/www.locacaodemaquinas.com.br\/site\/wp-json\/wp\/v2\/comments?post=4495"}],"wp:featuredmedia":[{"embeddable":true,"href":"http:\/\/www.locacaodemaquinas.com.br\/site\/wp-json\/wp\/v2\/media\/4524"}],"wp:attachment":[{"href":"http:\/\/www.locacaodemaquinas.com.br\/site\/wp-json\/wp\/v2\/media?parent=4495"}],"wp:term":[{"taxonomy":"product_cat","embeddable":true,"href":"http:\/\/www.locacaodemaquinas.com.br\/site\/wp-json\/wp\/v2\/product_cat?post=4495"},{"taxonomy":"product_tag","embeddable":true,"href":"http:\/\/www.locacaodemaquinas.com.br\/site\/wp-json\/wp\/v2\/product_tag?post=4495"}],"curies":[{"name":"wp","href":"https:\/\/api.w.org\/{rel}","templated":true}]}}