{"id":4526,"date":"2025-12-13T11:31:37","date_gmt":"2025-12-13T14:31:37","guid":{"rendered":"http:\/\/www.locacaodemaquinas.com.br\/site\/?post_type=product&#038;p=4526"},"modified":"2025-12-13T11:40:15","modified_gmt":"2025-12-13T14:40:15","slug":"tira-ferrugem-maxbio","status":"publish","type":"product","link":"http:\/\/www.locacaodemaquinas.com.br\/site\/loja\/principais-marcas\/maxbio\/tira-ferrugem-maxbio\/","title":{"rendered":"Tira Ferrugem &#8211; Maxbio"},"content":{"rendered":"","protected":false},"excerpt":{"rendered":"<p>Tira ferrugem \u00e9 um produto especialmente desenvolvido para a remo\u00e7\u00e3o de ferrugem e oxida\u00e7\u00e3o em diversos tipos de superf\u00edcies. Sua f\u00f3rmula eficaz atua profundamente, eliminando manchas de ferrugem em pisos, revestimentos cer\u00e2micos, porcelanatos, granitos, m\u00e1rmores, tecidos, metais e outras superf\u00edcies em geral, restaurando o aspecto original e garantindo uma limpeza completa e segura.<\/p>\n","protected":false},"featured_media":4520,"comment_status":"open","ping_status":"closed","template":"","meta":[],"product_cat":[975,519],"product_tag":[313],"acf":[],"_links":{"self":[{"href":"http:\/\/www.locacaodemaquinas.com.br\/site\/wp-json\/wp\/v2\/product\/4526"}],"collection":[{"href":"http:\/\/www.locacaodemaquinas.com.br\/site\/wp-json\/wp\/v2\/product"}],"about":[{"href":"http:\/\/www.locacaodemaquinas.com.br\/site\/wp-json\/wp\/v2\/types\/product"}],"replies":[{"embeddable":true,"href":"http:\/\/www.locacaodemaquinas.com.br\/site\/wp-json\/wp\/v2\/comments?post=4526"}],"wp:featuredmedia":[{"embeddable":true,"href":"http:\/\/www.locacaodemaquinas.com.br\/site\/wp-json\/wp\/v2\/media\/4520"}],"wp:attachment":[{"href":"http:\/\/www.locacaodemaquinas.com.br\/site\/wp-json\/wp\/v2\/media?parent=4526"}],"wp:term":[{"taxonomy":"product_cat","embeddable":true,"href":"http:\/\/www.locacaodemaquinas.com.br\/site\/wp-json\/wp\/v2\/product_cat?post=4526"},{"taxonomy":"product_tag","embeddable":true,"href":"http:\/\/www.locacaodemaquinas.com.br\/site\/wp-json\/wp\/v2\/product_tag?post=4526"}],"curies":[{"name":"wp","href":"https:\/\/api.w.org\/{rel}","templated":true}]}}