{"id":4527,"date":"2025-12-13T11:41:09","date_gmt":"2025-12-13T14:41:09","guid":{"rendered":"http:\/\/www.locacaodemaquinas.com.br\/site\/?post_type=product&#038;p=4527"},"modified":"2025-12-13T11:54:17","modified_gmt":"2025-12-13T14:54:17","slug":"brilliance-limpador-multi-superficies-maxbio","status":"publish","type":"product","link":"http:\/\/www.locacaodemaquinas.com.br\/site\/loja\/principais-marcas\/maxbio\/brilliance-limpador-multi-superficies-maxbio\/","title":{"rendered":"Brilliance Limpador Multi Superf\u00edcies &#8211; Maxbio"},"content":{"rendered":"","protected":false},"excerpt":{"rendered":"<p>Brilliance \u00e9 a solu\u00e7\u00e3o multi superf\u00edcies ideal para uma limpeza completa e eficaz. Perfeita para madeira, MDF, inox, vidros e muito mais, sua f\u00f3rmula avan\u00e7ada limpa, perfuma, d\u00e1 brilho e protege asa superf\u00edcies. Com Brilliance, voc\u00ea garante um ambiente impec\u00e1vel, com fragr\u00e2ncia agrad\u00e1vel e superf\u00edcies sempre brilhantes e protegidas. A escolha perfeita para quem busca praticidade e excel\u00eancia na limpeza.<\/p>\n","protected":false},"featured_media":4501,"comment_status":"open","ping_status":"closed","template":"","meta":[],"product_cat":[975,519],"product_tag":[313],"acf":[],"_links":{"self":[{"href":"http:\/\/www.locacaodemaquinas.com.br\/site\/wp-json\/wp\/v2\/product\/4527"}],"collection":[{"href":"http:\/\/www.locacaodemaquinas.com.br\/site\/wp-json\/wp\/v2\/product"}],"about":[{"href":"http:\/\/www.locacaodemaquinas.com.br\/site\/wp-json\/wp\/v2\/types\/product"}],"replies":[{"embeddable":true,"href":"http:\/\/www.locacaodemaquinas.com.br\/site\/wp-json\/wp\/v2\/comments?post=4527"}],"wp:featuredmedia":[{"embeddable":true,"href":"http:\/\/www.locacaodemaquinas.com.br\/site\/wp-json\/wp\/v2\/media\/4501"}],"wp:attachment":[{"href":"http:\/\/www.locacaodemaquinas.com.br\/site\/wp-json\/wp\/v2\/media?parent=4527"}],"wp:term":[{"taxonomy":"product_cat","embeddable":true,"href":"http:\/\/www.locacaodemaquinas.com.br\/site\/wp-json\/wp\/v2\/product_cat?post=4527"},{"taxonomy":"product_tag","embeddable":true,"href":"http:\/\/www.locacaodemaquinas.com.br\/site\/wp-json\/wp\/v2\/product_tag?post=4527"}],"curies":[{"name":"wp","href":"https:\/\/api.w.org\/{rel}","templated":true}]}}