{"id":4528,"date":"2025-12-13T11:55:38","date_gmt":"2025-12-13T14:55:38","guid":{"rendered":"http:\/\/www.locacaodemaquinas.com.br\/site\/?post_type=product&#038;p=4528"},"modified":"2025-12-15T09:55:40","modified_gmt":"2025-12-15T12:55:40","slug":"degreaser-limpador-desengordurante-maxbio","status":"publish","type":"product","link":"http:\/\/www.locacaodemaquinas.com.br\/site\/loja\/principais-marcas\/maxbio\/degreaser-limpador-desengordurante-maxbio\/","title":{"rendered":"Degreaser Limpador Desengordurante &#8211; Maxbio"},"content":{"rendered":"<p>Maxbio \u00e9 tecnologia biodegrad\u00e1vel de alta performance em limpeza! Venha com a gente economizar \u00e1gua, embalagem, dinheiro, produto e esbanjar sustentabilidade e tempo para curtir o seu churrasco sem sofrer com a limpeza que voc\u00ea tem que fazer depois dele!<\/p>\n<p>Para melhor desempenho do produto e aplica\u00e7\u00e3o correta siga sempre as informa\u00e7\u00f5es de dilui\u00e7\u00e3o e aplica\u00e7\u00e3o do fabricante!<\/p>\n","protected":false},"excerpt":{"rendered":"<p>DEGREASER \u2013 DESENGORDURANTE UNIVERSAL.<\/p>\n<p>Sua f\u00f3rmula saponifica os res\u00edduos gordurosos e graxosos, propiciando uma LIMPEZA PESADA E INSTANT\u00c2NEA SEM DEIXAR RES\u00cdDUOS.<\/p>\n<p>Assim como os outros produtos da nossa Linha Eco, tamb\u00e9m \u00e9 um produto vers\u00e1til podendo ser utilizados nas mais diversas superf\u00edcies.<\/p>\n<p>&nbsp;<\/p>\n","protected":false},"featured_media":4503,"comment_status":"open","ping_status":"closed","template":"","meta":[],"product_cat":[975,519],"product_tag":[978,313],"acf":[],"_links":{"self":[{"href":"http:\/\/www.locacaodemaquinas.com.br\/site\/wp-json\/wp\/v2\/product\/4528"}],"collection":[{"href":"http:\/\/www.locacaodemaquinas.com.br\/site\/wp-json\/wp\/v2\/product"}],"about":[{"href":"http:\/\/www.locacaodemaquinas.com.br\/site\/wp-json\/wp\/v2\/types\/product"}],"replies":[{"embeddable":true,"href":"http:\/\/www.locacaodemaquinas.com.br\/site\/wp-json\/wp\/v2\/comments?post=4528"}],"wp:featuredmedia":[{"embeddable":true,"href":"http:\/\/www.locacaodemaquinas.com.br\/site\/wp-json\/wp\/v2\/media\/4503"}],"wp:attachment":[{"href":"http:\/\/www.locacaodemaquinas.com.br\/site\/wp-json\/wp\/v2\/media?parent=4528"}],"wp:term":[{"taxonomy":"product_cat","embeddable":true,"href":"http:\/\/www.locacaodemaquinas.com.br\/site\/wp-json\/wp\/v2\/product_cat?post=4528"},{"taxonomy":"product_tag","embeddable":true,"href":"http:\/\/www.locacaodemaquinas.com.br\/site\/wp-json\/wp\/v2\/product_tag?post=4528"}],"curies":[{"name":"wp","href":"https:\/\/api.w.org\/{rel}","templated":true}]}}