{"id":4529,"date":"2025-12-15T09:56:11","date_gmt":"2025-12-15T12:56:11","guid":{"rendered":"http:\/\/www.locacaodemaquinas.com.br\/site\/?post_type=product&#038;p=4529"},"modified":"2025-12-15T10:02:56","modified_gmt":"2025-12-15T13:02:56","slug":"limpa-grill-desincrustante-maxbio","status":"publish","type":"product","link":"http:\/\/www.locacaodemaquinas.com.br\/site\/loja\/principais-marcas\/maxbio\/limpa-grill-desincrustante-maxbio\/","title":{"rendered":"Limpa Grill Desincrustante &#8211; Maxbio"},"content":{"rendered":"","protected":false},"excerpt":{"rendered":"<p>Nosso limpador desengordurante e desincrustante alcalino \u00e9 perfeito para a limpeza de fog\u00f5es, fornos, chapas, fritadeiras, coifas, grelhas, churrasqueiras, bancadas, azulejos, equipamentos e utens\u00edlios em restaurantes, cozinhas, hot\u00e9is, bares, clubes, refeit\u00f3rios, lanchonetes e similares.<\/p>\n<p>Com f\u00e1cil aplica\u00e7\u00e3o por pulveriza\u00e7\u00e3o, \u00e9 ideal para remover gorduras e res\u00edduos carbonizados.<\/p>\n<p>Possui alto poder desincrustante, f\u00e1cil enx\u00e1gue e cont\u00e9m tensoativo biodegrad\u00e1vel, garantindo uma limpeza eficaz e sustent\u00e1vel.<\/p>\n","protected":false},"featured_media":4509,"comment_status":"open","ping_status":"closed","template":"","meta":[],"product_cat":[975,519],"product_tag":[978,981,313],"acf":[],"_links":{"self":[{"href":"http:\/\/www.locacaodemaquinas.com.br\/site\/wp-json\/wp\/v2\/product\/4529"}],"collection":[{"href":"http:\/\/www.locacaodemaquinas.com.br\/site\/wp-json\/wp\/v2\/product"}],"about":[{"href":"http:\/\/www.locacaodemaquinas.com.br\/site\/wp-json\/wp\/v2\/types\/product"}],"replies":[{"embeddable":true,"href":"http:\/\/www.locacaodemaquinas.com.br\/site\/wp-json\/wp\/v2\/comments?post=4529"}],"wp:featuredmedia":[{"embeddable":true,"href":"http:\/\/www.locacaodemaquinas.com.br\/site\/wp-json\/wp\/v2\/media\/4509"}],"wp:attachment":[{"href":"http:\/\/www.locacaodemaquinas.com.br\/site\/wp-json\/wp\/v2\/media?parent=4529"}],"wp:term":[{"taxonomy":"product_cat","embeddable":true,"href":"http:\/\/www.locacaodemaquinas.com.br\/site\/wp-json\/wp\/v2\/product_cat?post=4529"},{"taxonomy":"product_tag","embeddable":true,"href":"http:\/\/www.locacaodemaquinas.com.br\/site\/wp-json\/wp\/v2\/product_tag?post=4529"}],"curies":[{"name":"wp","href":"https:\/\/api.w.org\/{rel}","templated":true}]}}