{"id":4531,"date":"2025-12-15T10:07:21","date_gmt":"2025-12-15T13:07:21","guid":{"rendered":"http:\/\/www.locacaodemaquinas.com.br\/site\/?post_type=product&#038;p=4531"},"modified":"2025-12-15T10:10:33","modified_gmt":"2025-12-15T13:10:33","slug":"porcelanatos-manutencao-maxbio","status":"publish","type":"product","link":"http:\/\/www.locacaodemaquinas.com.br\/site\/loja\/principais-marcas\/maxbio\/porcelanatos-manutencao-maxbio\/","title":{"rendered":"Porcelanatos Manuten\u00e7\u00e3o &#8211; Maxbio"},"content":{"rendered":"","protected":false},"excerpt":{"rendered":"<p>Porcelanatos Manuten\u00e7\u00e3o \u00e9 um produto concentrado,\u00a0<strong>desenvolvido para a limpeza e manuten\u00e7\u00e3o di\u00e1ria<\/strong>\u00a0de porcelanatos, granitos, m\u00e1rmores e pisos nobres em geral.<\/p>\n<p>Sua f\u00f3rmula proporciona\u00a0<strong>brilho intenso<\/strong>\u00a0e possui uma\u00a0<strong>fragr\u00e2ncia agrad\u00e1vel<\/strong>, deixando as superf\u00edcies com\u00a0<strong>aspecto renovado e bem cuidado.<\/strong><\/p>\n","protected":false},"featured_media":4518,"comment_status":"open","ping_status":"closed","template":"","meta":[],"product_cat":[975,519],"product_tag":[313],"acf":[],"_links":{"self":[{"href":"http:\/\/www.locacaodemaquinas.com.br\/site\/wp-json\/wp\/v2\/product\/4531"}],"collection":[{"href":"http:\/\/www.locacaodemaquinas.com.br\/site\/wp-json\/wp\/v2\/product"}],"about":[{"href":"http:\/\/www.locacaodemaquinas.com.br\/site\/wp-json\/wp\/v2\/types\/product"}],"replies":[{"embeddable":true,"href":"http:\/\/www.locacaodemaquinas.com.br\/site\/wp-json\/wp\/v2\/comments?post=4531"}],"wp:featuredmedia":[{"embeddable":true,"href":"http:\/\/www.locacaodemaquinas.com.br\/site\/wp-json\/wp\/v2\/media\/4518"}],"wp:attachment":[{"href":"http:\/\/www.locacaodemaquinas.com.br\/site\/wp-json\/wp\/v2\/media?parent=4531"}],"wp:term":[{"taxonomy":"product_cat","embeddable":true,"href":"http:\/\/www.locacaodemaquinas.com.br\/site\/wp-json\/wp\/v2\/product_cat?post=4531"},{"taxonomy":"product_tag","embeddable":true,"href":"http:\/\/www.locacaodemaquinas.com.br\/site\/wp-json\/wp\/v2\/product_tag?post=4531"}],"curies":[{"name":"wp","href":"https:\/\/api.w.org\/{rel}","templated":true}]}}