{"id":4533,"date":"2025-12-15T10:11:51","date_gmt":"2025-12-15T13:11:51","guid":{"rendered":"http:\/\/www.locacaodemaquinas.com.br\/site\/?post_type=product&#038;p=4533"},"modified":"2025-12-15T10:13:51","modified_gmt":"2025-12-15T13:13:51","slug":"porcelanatos-desincrustante-maxbio","status":"publish","type":"product","link":"http:\/\/www.locacaodemaquinas.com.br\/site\/loja\/principais-marcas\/maxbio\/porcelanatos-desincrustante-maxbio\/","title":{"rendered":"Porcelanatos Desincrustante &#8211; Maxbio"},"content":{"rendered":"<p>Possui um indicador de dilui\u00e7\u00e3o que sinaliza atrav\u00e9s da mudan\u00e7a de cor da solu\u00e7\u00e3o no momento da dilui\u00e7\u00e3o correta.<\/p>\n","protected":false},"excerpt":{"rendered":"<p>Porcelanatos Desincrustante \u00e9 um produto de alta performance, especialmente desenvolvido para desincrusta\u00e7\u00e3o eficaz de porcelanatos em geral.<\/p>\n<p>Sua f\u00f3rmula potente \u00e9 indicada para <strong>limpeza pesada<\/strong>, removendo manchas, encardidos e promovendo o clareamento dos rejuntes.<\/p>\n<p>&nbsp;<\/p>\n","protected":false},"featured_media":4517,"comment_status":"open","ping_status":"closed","template":"","meta":[],"product_cat":[975,519],"product_tag":[981,313],"acf":[],"_links":{"self":[{"href":"http:\/\/www.locacaodemaquinas.com.br\/site\/wp-json\/wp\/v2\/product\/4533"}],"collection":[{"href":"http:\/\/www.locacaodemaquinas.com.br\/site\/wp-json\/wp\/v2\/product"}],"about":[{"href":"http:\/\/www.locacaodemaquinas.com.br\/site\/wp-json\/wp\/v2\/types\/product"}],"replies":[{"embeddable":true,"href":"http:\/\/www.locacaodemaquinas.com.br\/site\/wp-json\/wp\/v2\/comments?post=4533"}],"wp:featuredmedia":[{"embeddable":true,"href":"http:\/\/www.locacaodemaquinas.com.br\/site\/wp-json\/wp\/v2\/media\/4517"}],"wp:attachment":[{"href":"http:\/\/www.locacaodemaquinas.com.br\/site\/wp-json\/wp\/v2\/media?parent=4533"}],"wp:term":[{"taxonomy":"product_cat","embeddable":true,"href":"http:\/\/www.locacaodemaquinas.com.br\/site\/wp-json\/wp\/v2\/product_cat?post=4533"},{"taxonomy":"product_tag","embeddable":true,"href":"http:\/\/www.locacaodemaquinas.com.br\/site\/wp-json\/wp\/v2\/product_tag?post=4533"}],"curies":[{"name":"wp","href":"https:\/\/api.w.org\/{rel}","templated":true}]}}