{"id":4535,"date":"2025-12-15T10:14:27","date_gmt":"2025-12-15T13:14:27","guid":{"rendered":"http:\/\/www.locacaodemaquinas.com.br\/site\/?post_type=product&#038;p=4535"},"modified":"2025-12-15T10:20:31","modified_gmt":"2025-12-15T13:20:31","slug":"limpa-pedras-maxstone-maxbio","status":"publish","type":"product","link":"http:\/\/www.locacaodemaquinas.com.br\/site\/loja\/principais-marcas\/maxbio\/limpa-pedras-maxstone-maxbio\/","title":{"rendered":"Limpa Pedras MaxStone &#8211; Maxbio"},"content":{"rendered":"","protected":false},"excerpt":{"rendered":"<p>MaxStone \u00e9 um <strong>limpador de pedras biodegrad\u00e1vel<\/strong>, formulado com pH \u00e1cido, projetado para proporcionar limpeza e desincrusta\u00e7\u00e3o pesada em pedras e pisos r\u00fasticos.<\/p>\n<p>Sua f\u00f3rmula balanceada garante uma a\u00e7\u00e3o r\u00e1pida e eficaz, removendo sujeiras como terra, fuligem, ferrugem, incrusta\u00e7\u00f5es e encardidos sem danificar as superf\u00edcies.<\/p>\n<p>Indicado especialmente para a lavagem de pedras como: mineira, S\u00e3o Tom\u00e9, miracema, quartzol\u00edtica, calc\u00e1ria, concreto, cimentados e pisos r\u00fasticos em geral.<\/p>\n","protected":false},"featured_media":4515,"comment_status":"open","ping_status":"closed","template":"","meta":[],"product_cat":[975,519],"product_tag":[981,313],"acf":[],"_links":{"self":[{"href":"http:\/\/www.locacaodemaquinas.com.br\/site\/wp-json\/wp\/v2\/product\/4535"}],"collection":[{"href":"http:\/\/www.locacaodemaquinas.com.br\/site\/wp-json\/wp\/v2\/product"}],"about":[{"href":"http:\/\/www.locacaodemaquinas.com.br\/site\/wp-json\/wp\/v2\/types\/product"}],"replies":[{"embeddable":true,"href":"http:\/\/www.locacaodemaquinas.com.br\/site\/wp-json\/wp\/v2\/comments?post=4535"}],"wp:featuredmedia":[{"embeddable":true,"href":"http:\/\/www.locacaodemaquinas.com.br\/site\/wp-json\/wp\/v2\/media\/4515"}],"wp:attachment":[{"href":"http:\/\/www.locacaodemaquinas.com.br\/site\/wp-json\/wp\/v2\/media?parent=4535"}],"wp:term":[{"taxonomy":"product_cat","embeddable":true,"href":"http:\/\/www.locacaodemaquinas.com.br\/site\/wp-json\/wp\/v2\/product_cat?post=4535"},{"taxonomy":"product_tag","embeddable":true,"href":"http:\/\/www.locacaodemaquinas.com.br\/site\/wp-json\/wp\/v2\/product_tag?post=4535"}],"curies":[{"name":"wp","href":"https:\/\/api.w.org\/{rel}","templated":true}]}}