{"id":4537,"date":"2025-12-15T10:21:31","date_gmt":"2025-12-15T13:21:31","guid":{"rendered":"http:\/\/www.locacaodemaquinas.com.br\/site\/?post_type=product&#038;p=4537"},"modified":"2025-12-15T10:31:45","modified_gmt":"2025-12-15T13:31:45","slug":"limpa-vidros-com-protetor-maxbio","status":"publish","type":"product","link":"http:\/\/www.locacaodemaquinas.com.br\/site\/loja\/principais-marcas\/maxbio\/limpa-vidros-com-protetor-maxbio\/","title":{"rendered":"Limpa Vidros com Protetor &#8211; Maxbio"},"content":{"rendered":"<p>Limpeza sem esfor\u00e7o, dispensando as aplica\u00e7\u00f5es consecutivas como os produtos convencionais.<\/p>\n<p>Possui pel\u00edcula protetora que aumenta a vida \u00fatil evita a impregna\u00e7\u00e3o de sujidades e incrusta\u00e7\u00f5es.<\/p>\n<p>Produto com formula\u00e7\u00e3o in\u00e9dita, de f\u00e1cil e \u00fanica aplica\u00e7\u00e3o limpeza e secagem instant\u00e2nea, sem deixar manchas, proporcionando uma pel\u00edcula antiaderente, protetora.<\/p>\n<p>Suave fragr\u00e2ncia que contribui para a aromatiza\u00e7\u00e3o dos ambientes. Maior rendimento, proporcionando economia nas aplica\u00e7\u00f5es e excelente custo-benef\u00edcio.<\/p>\n<ul>\n<li>Pel\u00edcula protetora<\/li>\n<li>Agente antiaderente<\/li>\n<li>Hidrorepelente<\/li>\n<li>Evita ac\u00famulo de sujeiras<\/li>\n<\/ul>\n<p>Antes de usar, leia as instru\u00e7\u00f5es no r\u00f3tulo.<\/p>\n","protected":false},"excerpt":{"rendered":"<p>Indicado para limpeza de vidros, espelhos, janelas, vidra\u00e7as de edif\u00edcios, fachadas, resid\u00eancias, hospitais, cl\u00ednicas, academias, autom\u00f3veis, \u00f4nibus, caminh\u00f5es, carretas, aeronaves e superf\u00edcies v\u00edtreas em geral, com poderoso efeito antiaderente e protetor.<\/p>\n","protected":false},"featured_media":4514,"comment_status":"open","ping_status":"closed","template":"","meta":[],"product_cat":[975,519],"product_tag":[313],"acf":[],"_links":{"self":[{"href":"http:\/\/www.locacaodemaquinas.com.br\/site\/wp-json\/wp\/v2\/product\/4537"}],"collection":[{"href":"http:\/\/www.locacaodemaquinas.com.br\/site\/wp-json\/wp\/v2\/product"}],"about":[{"href":"http:\/\/www.locacaodemaquinas.com.br\/site\/wp-json\/wp\/v2\/types\/product"}],"replies":[{"embeddable":true,"href":"http:\/\/www.locacaodemaquinas.com.br\/site\/wp-json\/wp\/v2\/comments?post=4537"}],"wp:featuredmedia":[{"embeddable":true,"href":"http:\/\/www.locacaodemaquinas.com.br\/site\/wp-json\/wp\/v2\/media\/4514"}],"wp:attachment":[{"href":"http:\/\/www.locacaodemaquinas.com.br\/site\/wp-json\/wp\/v2\/media?parent=4537"}],"wp:term":[{"taxonomy":"product_cat","embeddable":true,"href":"http:\/\/www.locacaodemaquinas.com.br\/site\/wp-json\/wp\/v2\/product_cat?post=4537"},{"taxonomy":"product_tag","embeddable":true,"href":"http:\/\/www.locacaodemaquinas.com.br\/site\/wp-json\/wp\/v2\/product_tag?post=4537"}],"curies":[{"name":"wp","href":"https:\/\/api.w.org\/{rel}","templated":true}]}}