{"id":4538,"date":"2025-12-15T10:35:33","date_gmt":"2025-12-15T13:35:33","guid":{"rendered":"http:\/\/www.locacaodemaquinas.com.br\/site\/?post_type=product&#038;p=4538"},"modified":"2025-12-15T10:40:15","modified_gmt":"2025-12-15T13:40:15","slug":"limpador-de-uso-geral-maxbio","status":"publish","type":"product","link":"http:\/\/www.locacaodemaquinas.com.br\/site\/loja\/principais-marcas\/maxbio\/limpador-de-uso-geral-maxbio\/","title":{"rendered":"Limpador de Uso Geral &#8211; Maxbio"},"content":{"rendered":"","protected":false},"excerpt":{"rendered":"<p>Limpador super concentrado e perfumado, com pH neutro e a\u00e7\u00e3o n\u00e3o abrasiva, ideal para a limpeza e manuten\u00e7\u00e3o de banheiros, vesti\u00e1rios e superf\u00edcies lav\u00e1veis.<\/p>\n<p>Indicado para pisos frios, tratados, encerados, granitos, m\u00e1rmores e porcelanatos.<\/p>\n<p>Proporciona alto rendimento, remove sujidades com efici\u00eancia e deixa o ambiente limpo e agradavelmente perfumado.<\/p>\n","protected":false},"featured_media":4508,"comment_status":"open","ping_status":"closed","template":"","meta":[],"product_cat":[975,519],"product_tag":[313],"acf":[],"_links":{"self":[{"href":"http:\/\/www.locacaodemaquinas.com.br\/site\/wp-json\/wp\/v2\/product\/4538"}],"collection":[{"href":"http:\/\/www.locacaodemaquinas.com.br\/site\/wp-json\/wp\/v2\/product"}],"about":[{"href":"http:\/\/www.locacaodemaquinas.com.br\/site\/wp-json\/wp\/v2\/types\/product"}],"replies":[{"embeddable":true,"href":"http:\/\/www.locacaodemaquinas.com.br\/site\/wp-json\/wp\/v2\/comments?post=4538"}],"wp:featuredmedia":[{"embeddable":true,"href":"http:\/\/www.locacaodemaquinas.com.br\/site\/wp-json\/wp\/v2\/media\/4508"}],"wp:attachment":[{"href":"http:\/\/www.locacaodemaquinas.com.br\/site\/wp-json\/wp\/v2\/media?parent=4538"}],"wp:term":[{"taxonomy":"product_cat","embeddable":true,"href":"http:\/\/www.locacaodemaquinas.com.br\/site\/wp-json\/wp\/v2\/product_cat?post=4538"},{"taxonomy":"product_tag","embeddable":true,"href":"http:\/\/www.locacaodemaquinas.com.br\/site\/wp-json\/wp\/v2\/product_tag?post=4538"}],"curies":[{"name":"wp","href":"https:\/\/api.w.org\/{rel}","templated":true}]}}