{"id":4542,"date":"2025-12-15T15:26:05","date_gmt":"2025-12-15T18:26:05","guid":{"rendered":"http:\/\/www.locacaodemaquinas.com.br\/site\/?post_type=product&#038;p=4542"},"modified":"2025-12-15T15:48:56","modified_gmt":"2025-12-15T18:48:56","slug":"limpa-para-brisa-maxbio","status":"publish","type":"product","link":"http:\/\/www.locacaodemaquinas.com.br\/site\/loja\/principais-marcas\/maxbio\/limpa-para-brisa-maxbio\/","title":{"rendered":"Limpa Para Brisa &#8211; Maxbio"},"content":{"rendered":"<p>Desenvolvido para limpar e desengordurar, o Limpa Para-Brisa proporciona uma melhor visibilidade durante a condu\u00e7\u00e3o. \u00c9 ideal para a remo\u00e7\u00e3o de gordura, fuligem, poeira, neblina e outros res\u00edduos que comprometem a clareza do vidro.<\/p>\n<p><strong>Tecnologia Avan\u00e7ada:<\/strong><br \/>\n. F\u00f3rmula eficaz que garante uma limpeza profunda e r\u00e1pida.<\/p>\n<p><strong>Facilidade de Aplica\u00e7\u00e3o:<\/strong><br \/>\n. Produto f\u00e1cil de usar, ideal para manter os vidros sempre limpos e com boa visibilidade.<\/p>\n<p><strong>Recomendado para:<\/strong><br \/>\n. Remo\u00e7\u00e3o de gordura<br \/>\n. Elimina\u00e7\u00e3o de fuligem<br \/>\n. Limpeza de poeira<br \/>\n. Remo\u00e7\u00e3o de neblina<\/p>\n<p><strong>Instru\u00e7\u00f5es de Uso:<\/strong><\/p>\n<p>. Dilua um frasco de 100ml no reservat\u00f3rio d&#8217;\u00e1gua do limpador de parabrisa de at\u00e9 4 litros.<\/p>\n","protected":false},"excerpt":{"rendered":"<p>Mantenha a visibilidade impec\u00e1vel de seu ve\u00edculo com o Limpa Para-Brisa Barbarius.<\/p>\n<p>Remove gordura, fuligem e poeira de forma r\u00e1pida e eficaz. F\u00e1cil de aplicar, garante seguran\u00e7a durante a condu\u00e7\u00e3o.<\/p>\n","protected":false},"featured_media":4510,"comment_status":"open","ping_status":"closed","template":"","meta":[],"product_cat":[975,519],"product_tag":[982,313],"acf":[],"_links":{"self":[{"href":"http:\/\/www.locacaodemaquinas.com.br\/site\/wp-json\/wp\/v2\/product\/4542"}],"collection":[{"href":"http:\/\/www.locacaodemaquinas.com.br\/site\/wp-json\/wp\/v2\/product"}],"about":[{"href":"http:\/\/www.locacaodemaquinas.com.br\/site\/wp-json\/wp\/v2\/types\/product"}],"replies":[{"embeddable":true,"href":"http:\/\/www.locacaodemaquinas.com.br\/site\/wp-json\/wp\/v2\/comments?post=4542"}],"wp:featuredmedia":[{"embeddable":true,"href":"http:\/\/www.locacaodemaquinas.com.br\/site\/wp-json\/wp\/v2\/media\/4510"}],"wp:attachment":[{"href":"http:\/\/www.locacaodemaquinas.com.br\/site\/wp-json\/wp\/v2\/media?parent=4542"}],"wp:term":[{"taxonomy":"product_cat","embeddable":true,"href":"http:\/\/www.locacaodemaquinas.com.br\/site\/wp-json\/wp\/v2\/product_cat?post=4542"},{"taxonomy":"product_tag","embeddable":true,"href":"http:\/\/www.locacaodemaquinas.com.br\/site\/wp-json\/wp\/v2\/product_tag?post=4542"}],"curies":[{"name":"wp","href":"https:\/\/api.w.org\/{rel}","templated":true}]}}