{"id":4543,"date":"2025-12-15T15:51:01","date_gmt":"2025-12-15T18:51:01","guid":{"rendered":"http:\/\/www.locacaodemaquinas.com.br\/site\/?post_type=product&#038;p=4543"},"modified":"2025-12-15T16:24:03","modified_gmt":"2025-12-15T19:24:03","slug":"selante-para-pneus-maxbio","status":"publish","type":"product","link":"http:\/\/www.locacaodemaquinas.com.br\/site\/loja\/principais-marcas\/maxbio\/selante-para-pneus-maxbio\/","title":{"rendered":"Selante para Pneus &#8211; Maxbio"},"content":{"rendered":"<p>Desenvolvido para proporcionar uma excelente fixa\u00e7\u00e3o, este selante oferece um brilho seco, prolongado e antiaderente. Isento de \u00f3leos e gomas, evita o engorduramento das superf\u00edcies, evitando a ader\u00eancia de part\u00edculas.<\/p>\n<p><strong>Tecnologia Avan\u00e7ada:<\/strong><br \/>\n. F\u00f3rmula livre de \u00f3leos e gomas, garantindo um acabamento limpo e duradouro.<\/p>\n<p><strong>Facilidade de Aplica\u00e7\u00e3o:<\/strong><br \/>\n. Tecnologia EASY &amp; QUICK que permite uma aplica\u00e7\u00e3o f\u00e1cil e r\u00e1pida.<\/p>\n<p><strong>Indica\u00e7\u00f5es de Uso:<\/strong><br \/>\n. Pneus<br \/>\n. Borrachas<br \/>\n. Objetos emborrachados<\/p>\n","protected":false},"excerpt":{"rendered":"<p>Garanta um brilho seco e duradouro com o Selante para Pneus Barbarius.<\/p>\n<p>Sua f\u00f3rmula livre de \u00f3leos e gomas evita engorduramento e a ader\u00eancia de sujeira. Ideal para pneus e superf\u00edcies emborrachadas.<\/p>\n","protected":false},"featured_media":4548,"comment_status":"open","ping_status":"closed","template":"","meta":[],"product_cat":[975,519],"product_tag":[982,313],"acf":[],"_links":{"self":[{"href":"http:\/\/www.locacaodemaquinas.com.br\/site\/wp-json\/wp\/v2\/product\/4543"}],"collection":[{"href":"http:\/\/www.locacaodemaquinas.com.br\/site\/wp-json\/wp\/v2\/product"}],"about":[{"href":"http:\/\/www.locacaodemaquinas.com.br\/site\/wp-json\/wp\/v2\/types\/product"}],"replies":[{"embeddable":true,"href":"http:\/\/www.locacaodemaquinas.com.br\/site\/wp-json\/wp\/v2\/comments?post=4543"}],"wp:featuredmedia":[{"embeddable":true,"href":"http:\/\/www.locacaodemaquinas.com.br\/site\/wp-json\/wp\/v2\/media\/4548"}],"wp:attachment":[{"href":"http:\/\/www.locacaodemaquinas.com.br\/site\/wp-json\/wp\/v2\/media?parent=4543"}],"wp:term":[{"taxonomy":"product_cat","embeddable":true,"href":"http:\/\/www.locacaodemaquinas.com.br\/site\/wp-json\/wp\/v2\/product_cat?post=4543"},{"taxonomy":"product_tag","embeddable":true,"href":"http:\/\/www.locacaodemaquinas.com.br\/site\/wp-json\/wp\/v2\/product_tag?post=4543"}],"curies":[{"name":"wp","href":"https:\/\/api.w.org\/{rel}","templated":true}]}}