{"id":4544,"date":"2025-12-15T15:51:31","date_gmt":"2025-12-15T18:51:31","guid":{"rendered":"http:\/\/www.locacaodemaquinas.com.br\/site\/?post_type=product&#038;p=4544"},"modified":"2025-12-15T16:03:25","modified_gmt":"2025-12-15T19:03:25","slug":"lava-autos-com-ceras-maxbio","status":"publish","type":"product","link":"http:\/\/www.locacaodemaquinas.com.br\/site\/loja\/principais-marcas\/maxbio\/lava-autos-com-ceras-maxbio\/","title":{"rendered":"Lava Autos com Ceras &#8211; Maxbio"},"content":{"rendered":"<p>Formula\u00e7\u00e3o moderna com ingredientes ativos de \u00faltima gera\u00e7\u00e3o, isento de abrasivos, solventes e agentes corrosivos. A tecnologia da composi\u00e7\u00e3o com PTFE proporciona um brilho diferenciado e prote\u00e7\u00e3o.<\/p>\n<p><strong>Tecnologia Avan\u00e7ada:<\/strong><br \/>\n. Brilho Diferenciado e prote\u00e7\u00e3o superior, garantindo a manuten\u00e7\u00e3o da est\u00e9tica do ve\u00edculo.<\/p>\n<p><strong>Facilidade de Uso:<\/strong><br \/>\n. EASY &amp; QUICK, que proporciona uma aplica\u00e7\u00e3o f\u00e1cil e r\u00e1pida, ideal para quem busca praticidade.<\/p>\n<p><strong>Indica\u00e7\u00f5es de Uso:<\/strong><br \/>\n. Indicado para todos os tipos de pinturas de ve\u00edculos, incluindo:<br \/>\n. Pinturas especiais<br \/>\n. Pinturas enceradas<br \/>\n. Pinturas polidas<br \/>\n. Pinturas cristalizadas<br \/>\n. Pinturas vitrificadas<\/p>\n","protected":false},"excerpt":{"rendered":"<p>Cuide da est\u00e9tica do seu ve\u00edculo com o Lava Autos Barbarius.<\/p>\n<p>Com f\u00f3rmula moderna e isenta de abrasivos, proporciona brilho diferenciado e prote\u00e7\u00e3o superior. Ideal para todos os tipos de pinturas.<\/p>\n","protected":false},"featured_media":4504,"comment_status":"open","ping_status":"closed","template":"","meta":[],"product_cat":[975,519],"product_tag":[982,313],"acf":[],"_links":{"self":[{"href":"http:\/\/www.locacaodemaquinas.com.br\/site\/wp-json\/wp\/v2\/product\/4544"}],"collection":[{"href":"http:\/\/www.locacaodemaquinas.com.br\/site\/wp-json\/wp\/v2\/product"}],"about":[{"href":"http:\/\/www.locacaodemaquinas.com.br\/site\/wp-json\/wp\/v2\/types\/product"}],"replies":[{"embeddable":true,"href":"http:\/\/www.locacaodemaquinas.com.br\/site\/wp-json\/wp\/v2\/comments?post=4544"}],"wp:featuredmedia":[{"embeddable":true,"href":"http:\/\/www.locacaodemaquinas.com.br\/site\/wp-json\/wp\/v2\/media\/4504"}],"wp:attachment":[{"href":"http:\/\/www.locacaodemaquinas.com.br\/site\/wp-json\/wp\/v2\/media?parent=4544"}],"wp:term":[{"taxonomy":"product_cat","embeddable":true,"href":"http:\/\/www.locacaodemaquinas.com.br\/site\/wp-json\/wp\/v2\/product_cat?post=4544"},{"taxonomy":"product_tag","embeddable":true,"href":"http:\/\/www.locacaodemaquinas.com.br\/site\/wp-json\/wp\/v2\/product_tag?post=4544"}],"curies":[{"name":"wp","href":"https:\/\/api.w.org\/{rel}","templated":true}]}}