{"id":4546,"date":"2025-12-15T16:05:02","date_gmt":"2025-12-15T19:05:02","guid":{"rendered":"http:\/\/www.locacaodemaquinas.com.br\/site\/?post_type=product&#038;p=4546"},"modified":"2025-12-15T16:10:39","modified_gmt":"2025-12-15T19:10:39","slug":"lava-autos-superflon-com-teflon-maxbio","status":"publish","type":"product","link":"http:\/\/www.locacaodemaquinas.com.br\/site\/loja\/principais-marcas\/maxbio\/lava-autos-superflon-com-teflon-maxbio\/","title":{"rendered":"Lava Autos Superflon com Teflon &#8211; Maxbio"},"content":{"rendered":"<p>&#8211; Alta performance<br \/>\n&#8211; Super pel\u00edcula protetiva<br \/>\n&#8211; F\u00e1cil aplica\u00e7\u00e3o<br \/>\n&#8211; F\u00e1cil enx\u00e1gue<\/p>\n<p><strong>COMO USAR<\/strong><br \/>\nNo Balde: (1:100) Diluir 01 parte de SUPERFLON para 100 partes de \u00e1gua.<br \/>\nEx.: 100 ml de SUPERFLON (1\/2 copo ) para 10 litros de \u00e1gua. Solu\u00e7\u00e3o 1% v\/v.<\/p>\n<p>Na M\u00e1quina: (1:200) Diluir 01 parte de SUPERFLON para 200 partes de \u00e1gua.<br \/>\nEx.: 100 ml de SUPERFLON ( 1\/2 copo) para 20 litros de \u00e1gua. Solu\u00e7\u00e3o 0,5% v\/v.<\/p>\n","protected":false},"excerpt":{"rendered":"<p>Indicado para lavagens externas de autom\u00f3veis, motocicletas, aeronaves, \u00f4nibus, caminh\u00f5es, carretas, nacionais importados, principalmente com pinturas especiais, polidas, cristalizadas e enceradas.<\/p>\n<p>Produto desenvolvido de acordo com as mais recentes tecnologias e normas internacionais de desempenho, seguran\u00e7a e meio ambiente.<\/p>\n","protected":false},"featured_media":4523,"comment_status":"open","ping_status":"closed","template":"","meta":[],"product_cat":[975,519],"product_tag":[982,313],"acf":[],"_links":{"self":[{"href":"http:\/\/www.locacaodemaquinas.com.br\/site\/wp-json\/wp\/v2\/product\/4546"}],"collection":[{"href":"http:\/\/www.locacaodemaquinas.com.br\/site\/wp-json\/wp\/v2\/product"}],"about":[{"href":"http:\/\/www.locacaodemaquinas.com.br\/site\/wp-json\/wp\/v2\/types\/product"}],"replies":[{"embeddable":true,"href":"http:\/\/www.locacaodemaquinas.com.br\/site\/wp-json\/wp\/v2\/comments?post=4546"}],"wp:featuredmedia":[{"embeddable":true,"href":"http:\/\/www.locacaodemaquinas.com.br\/site\/wp-json\/wp\/v2\/media\/4523"}],"wp:attachment":[{"href":"http:\/\/www.locacaodemaquinas.com.br\/site\/wp-json\/wp\/v2\/media?parent=4546"}],"wp:term":[{"taxonomy":"product_cat","embeddable":true,"href":"http:\/\/www.locacaodemaquinas.com.br\/site\/wp-json\/wp\/v2\/product_cat?post=4546"},{"taxonomy":"product_tag","embeddable":true,"href":"http:\/\/www.locacaodemaquinas.com.br\/site\/wp-json\/wp\/v2\/product_tag?post=4546"}],"curies":[{"name":"wp","href":"https:\/\/api.w.org\/{rel}","templated":true}]}}