{"id":4552,"date":"2025-12-17T16:09:28","date_gmt":"2025-12-17T19:09:28","guid":{"rendered":"http:\/\/www.locacaodemaquinas.com.br\/site\/?post_type=product&#038;p=4552"},"modified":"2025-12-17T16:18:25","modified_gmt":"2025-12-17T19:18:25","slug":"kit-higifit-higienizador-sanitizante-refil-pulverizador-maxbio","status":"publish","type":"product","link":"http:\/\/www.locacaodemaquinas.com.br\/site\/loja\/principais-marcas\/maxbio\/kit-higifit-higienizador-sanitizante-refil-pulverizador-maxbio\/","title":{"rendered":"Kit Higifit Higienizador Sanitizante + Refil Pulverizador &#8211; Maxbio"},"content":{"rendered":"<h3>Caracter\u00edsticas do produto<\/h3>\n<ul>\n<li>N\u00e3o corrosivo;<\/li>\n<li>Pr\u00f3prio para eletroeletr\u00f4nicos e academias;<\/li>\n<li>Pr\u00f3prio para couros;<\/li>\n<li>Higienizador Sanitizante;<\/li>\n<li>Bactericida;<\/li>\n<li>Fungicida;<\/li>\n<li>Viricida.<\/li>\n<\/ul>\n<p>&nbsp;<\/p>\n<h3>Indica\u00e7\u00e3o de uso<\/h3>\n<p>Indicado para higieniza\u00e7\u00e3o de academias, elevadores, ma\u00e7anetas, corrim\u00e3o, balc\u00f5es, mesas, assentos, celulares, controles, interior de ve\u00edculos e diversos materiais de contato e grande circula\u00e7\u00e3o, pode ser usado tamb\u00e9m em pisos em geral. Cont\u00e9m \u00e1lcool em sua formula\u00e7\u00e3o, f\u00e1cil de utilizar, pr\u00e1tico e econ\u00f4mico.<\/p>\n<p>&nbsp;<\/p>\n<h3>Modo de uso<\/h3>\n<p>Leia atentamente o r\u00f3tulo antes de usar o produto.<\/p>\n<ol>\n<li>Abrir a tampa do lado dosador, pressionar o frasco para que o produto passe para o dosador at\u00e9 a marca\u00e7\u00e3o de 100ml;<\/li>\n<li>Adicionar esta por\u00e7\u00e3o de 100ml no frasco pulverizar de 500ml; completar com 400 ml de \u00e1gua. (1:5).<\/li>\n<li>Pulverizar economicamente o Higifit, de maneira uniforme, sobre a superf\u00edcie a ser limpa;<\/li>\n<li>Remover com pano limpo e umedecido;<\/li>\n<li>Dispensa o enx\u00e1gue.<\/li>\n<\/ol>\n<p><strong>Recomenda\u00e7\u00e3o<\/strong>: Utilizar sempre panos de limpeza multiuso descart\u00e1veis.<\/p>\n<p>&nbsp;<\/p>\n<h3>Precau\u00e7\u00f5es de uso<\/h3>\n<p>Conserve fora do alcance das crian\u00e7as e dos animais dom\u00e9sticos. cuidado: irritante para os olhos e pele. N\u00e3o misture com produtos \u00e0 base de cloro e amon\u00edaco. N\u00e3o ingerir. Evite inala\u00e7\u00e3o ou aspira\u00e7\u00e3o, contato com olhos e a pele, lave imediatamente com \u00e1gua em abund\u00e2ncia. Em caso de ingest\u00e3o, n\u00e3o provoque v\u00f4mito e consulte imediatamente o Centro de Intoxica\u00e7\u00f5es ou m\u00e9dico, levando o r\u00f3tulo do produto. Telefone de emerg\u00eancia (CEATOX): 0800 0148110. Lave com bastante \u00e1gua corrente os objetos e utens\u00edlios utilizados como medida antes de reutiliz\u00e1-los.<\/p>\n<p>&nbsp;<\/p>\n<p>&nbsp;<\/p>\n","protected":false},"excerpt":{"rendered":"<p><strong>Higifit Higienizador Sanitizante<\/strong>\u00a0de alta performance, microbicida, bactericida, fungicida e viricida, produto indicado para higieniza\u00e7\u00e3o e controle microbiol\u00f3gico e limpeza de qualquer tipo de superf\u00edcies, onde existe a necessidade de a\u00e7\u00e3o biocida eficiente, no combate de v\u00edrus, germes, fungos e bact\u00e9rias ele tamb\u00e9m remove a sujeira da superf\u00edcie, evitando que v\u00edrus, fungos e bact\u00e9rias se propaguem novamente.<\/p>\n<p>&nbsp;<\/p>\n","protected":false},"featured_media":4556,"comment_status":"open","ping_status":"closed","template":"","meta":[],"product_cat":[975,519],"product_tag":[313],"acf":[],"_links":{"self":[{"href":"http:\/\/www.locacaodemaquinas.com.br\/site\/wp-json\/wp\/v2\/product\/4552"}],"collection":[{"href":"http:\/\/www.locacaodemaquinas.com.br\/site\/wp-json\/wp\/v2\/product"}],"about":[{"href":"http:\/\/www.locacaodemaquinas.com.br\/site\/wp-json\/wp\/v2\/types\/product"}],"replies":[{"embeddable":true,"href":"http:\/\/www.locacaodemaquinas.com.br\/site\/wp-json\/wp\/v2\/comments?post=4552"}],"wp:featuredmedia":[{"embeddable":true,"href":"http:\/\/www.locacaodemaquinas.com.br\/site\/wp-json\/wp\/v2\/media\/4556"}],"wp:attachment":[{"href":"http:\/\/www.locacaodemaquinas.com.br\/site\/wp-json\/wp\/v2\/media?parent=4552"}],"wp:term":[{"taxonomy":"product_cat","embeddable":true,"href":"http:\/\/www.locacaodemaquinas.com.br\/site\/wp-json\/wp\/v2\/product_cat?post=4552"},{"taxonomy":"product_tag","embeddable":true,"href":"http:\/\/www.locacaodemaquinas.com.br\/site\/wp-json\/wp\/v2\/product_tag?post=4552"}],"curies":[{"name":"wp","href":"https:\/\/api.w.org\/{rel}","templated":true}]}}