{"id":4557,"date":"2025-12-17T16:18:52","date_gmt":"2025-12-17T19:18:52","guid":{"rendered":"http:\/\/www.locacaodemaquinas.com.br\/site\/?post_type=product&#038;p=4557"},"modified":"2025-12-17T16:21:31","modified_gmt":"2025-12-17T19:21:31","slug":"kit-tenso-eco-multilimpador-refil-pulverizador-maxbio","status":"publish","type":"product","link":"http:\/\/www.locacaodemaquinas.com.br\/site\/loja\/principais-marcas\/maxbio\/kit-tenso-eco-multilimpador-refil-pulverizador-maxbio\/","title":{"rendered":"Kit Tenso ECO Multilimpador + Refil Pulverizador &#8211; Maxbio"},"content":{"rendered":"<h3>Caracter\u00edsticas do produto<\/h3>\n<ul>\n<li>Econ\u00f4mico<\/li>\n<li>Ecol\u00f3gico<\/li>\n<li>Sustent\u00e1vel<\/li>\n<li>Biodegrad\u00e1vel<\/li>\n<\/ul>\n<p>&nbsp;<\/p>\n<h3>Indica\u00e7\u00e3o de uso<\/h3>\n<p>Com este produto voc\u00ea limpa sua cozinha, estofados, manchas de roupas, cal\u00e7ados, arm\u00e1rios, pisos, enfim, tudo o que voc\u00ea precisa em um s\u00f3 produto.<\/p>\n<p>&nbsp;<\/p>\n<h3>Modo de uso<\/h3>\n<p>Voc\u00ea aplica na superf\u00edcie suja de maneira uniforme e remove com um pano limpo e umedecido dispensando o enx\u00e1gue.<\/p>\n<p>Diluir \u00e9 muito f\u00e1cil, no frasco concentrado com a tampa semiaberta voc\u00ea aperta a embalagem at\u00e9 que o l\u00edquido complete o dosador.<\/p>\n<p>Depois, com o aux\u00edlio do funil, despeje no frasco diluidor e complete com 400ml de \u00e1gua. Pronto! Agora \u00e9 s\u00f3 limpar tudo rapidinho!<\/p>\n<p>&nbsp;<\/p>\n<h3>Precau\u00e7\u00f5es de uso<\/h3>\n<p>Conserve fora do alcance de crian\u00e7as e dos animais dom\u00e9sticos. N\u00e3o ingerir. Evite inala\u00e7\u00e3o ou aspira\u00e7\u00e3o, contato com os olhos e contato com a pele. Em caso de contato com a pele e olhos, lave imediatamente com \u00e1gua em abund\u00e2ncia. Em caso de ingest\u00e3o, n\u00e3o provocar v\u00f4mitos, consultar imediatamente o Centro de Intoxica\u00e7\u00f5es ou m\u00e9dico, levando o r\u00f3tulo do produto. Telefone de emerg\u00eancia: CEATOX- Centro de Assist\u00eancia Toxicol\u00f3gico: 0800 0148 110. Lave com bastante \u00e1gua corrente os objetos e utens\u00edlios utilizados como medida antes de reutiliz\u00e1-los.<\/p>\n<p>&nbsp;<\/p>\n<p>&nbsp;<\/p>\n","protected":false},"excerpt":{"rendered":"<p><strong>Tenso ECO<\/strong>\u00a0\u00e9 o multilimpador concentrado da Maxbio, que limpa sem esfor\u00e7o, sem enxague todo tipo de superf\u00edcie lav\u00e1vel!<\/p>\n","protected":false},"featured_media":4553,"comment_status":"open","ping_status":"closed","template":"","meta":[],"product_cat":[975,519],"product_tag":[313],"acf":[],"_links":{"self":[{"href":"http:\/\/www.locacaodemaquinas.com.br\/site\/wp-json\/wp\/v2\/product\/4557"}],"collection":[{"href":"http:\/\/www.locacaodemaquinas.com.br\/site\/wp-json\/wp\/v2\/product"}],"about":[{"href":"http:\/\/www.locacaodemaquinas.com.br\/site\/wp-json\/wp\/v2\/types\/product"}],"replies":[{"embeddable":true,"href":"http:\/\/www.locacaodemaquinas.com.br\/site\/wp-json\/wp\/v2\/comments?post=4557"}],"wp:featuredmedia":[{"embeddable":true,"href":"http:\/\/www.locacaodemaquinas.com.br\/site\/wp-json\/wp\/v2\/media\/4553"}],"wp:attachment":[{"href":"http:\/\/www.locacaodemaquinas.com.br\/site\/wp-json\/wp\/v2\/media?parent=4557"}],"wp:term":[{"taxonomy":"product_cat","embeddable":true,"href":"http:\/\/www.locacaodemaquinas.com.br\/site\/wp-json\/wp\/v2\/product_cat?post=4557"},{"taxonomy":"product_tag","embeddable":true,"href":"http:\/\/www.locacaodemaquinas.com.br\/site\/wp-json\/wp\/v2\/product_tag?post=4557"}],"curies":[{"name":"wp","href":"https:\/\/api.w.org\/{rel}","templated":true}]}}