{"id":4558,"date":"2025-12-17T16:24:37","date_gmt":"2025-12-17T19:24:37","guid":{"rendered":"http:\/\/www.locacaodemaquinas.com.br\/site\/?post_type=product&#038;p=4558"},"modified":"2025-12-17T16:28:45","modified_gmt":"2025-12-17T19:28:45","slug":"kit-degreaser-eco-desengordurante-refil-pulverizador-maxbio","status":"publish","type":"product","link":"http:\/\/www.locacaodemaquinas.com.br\/site\/loja\/principais-marcas\/maxbio\/kit-degreaser-eco-desengordurante-refil-pulverizador-maxbio\/","title":{"rendered":"Kit Degreaser ECO Desengordurante + Refil Pulverizador &#8211; Maxbio"},"content":{"rendered":"<h3>Caracter\u00edsticas do produto<\/h3>\n<ul>\n<li>Superconcentrado: 1 litro faz at\u00e9 10 produtos de 500 ml para pronto uso.<\/li>\n<li>Vers\u00e1til: Pode ser utilizado em diversas superf\u00edcies, incluindo fog\u00f5es, churrasqueiras, grills, coifas, fritadeiras, chapas, entre outros.<\/li>\n<li>Biodegrad\u00e1vel: Tecnologia de alta performance em limpeza, que economiza \u00e1gua, embalagem, dinheiro e tempo.<\/li>\n<\/ul>\n<p>&nbsp;<\/p>\n<h3>Indica\u00e7\u00e3o de uso<\/h3>\n<p>Ideal para a limpeza de todo tipo de gordura e gordura carbonizada em superf\u00edcies como fog\u00f5es, churrasqueiras, grills, coifas, fritadeiras, chapas, f\u00f3rmicas, paredes, azulejos, revestimentos, forros e pisos cer\u00e2micos, granitos, porcelanatos e m\u00e1rmores.<\/p>\n<p>&nbsp;<\/p>\n<h3>Modo de uso<\/h3>\n<ul>\n<li>Deixe a tampa do dosador semiaberta, pressione o frasco para encher o dosador.<\/li>\n<li>Use um funil para despejar o produto na embalagem refil, adicione 400 ml de \u00e1gua e est\u00e1 pronto para usar.<\/li>\n<\/ul>\n<p>Para\u00a0<strong>gordura persistente<\/strong>, aplique diretamente e remova facilmente.<\/p>\n<p>&nbsp;<\/p>\n<p><strong>Desengordurante geral<\/strong>:<\/p>\n<ol>\n<li>Para limpeza geral, adicione o conte\u00fado do dosador em um balde com 5 litros de \u00e1gua.<\/li>\n<li>Aplique o produto dilu\u00eddo, deixe agir por 5 minutos.<\/li>\n<li>Esfregue com uma vassoura de cerdas macias ou esponja verde de uso geral e enx\u00e1gue.<\/li>\n<\/ol>\n<p>&nbsp;<\/p>\n<p>&nbsp;<\/p>\n<p>&nbsp;<\/p>\n","protected":false},"excerpt":{"rendered":"<p>Desengordurante Universal Superconcentrado: uma solu\u00e7\u00e3o inovadora e eficaz para uma limpeza pesada e instant\u00e2nea. Este produto saponifica res\u00edduos gordurosos e graxosos, removendo-os sem deixar res\u00edduos, proporcionando uma limpeza eficiente em diversas superf\u00edcies.<\/p>\n","protected":false},"featured_media":4555,"comment_status":"open","ping_status":"closed","template":"","meta":[],"product_cat":[975,519],"product_tag":[978,313],"acf":[],"_links":{"self":[{"href":"http:\/\/www.locacaodemaquinas.com.br\/site\/wp-json\/wp\/v2\/product\/4558"}],"collection":[{"href":"http:\/\/www.locacaodemaquinas.com.br\/site\/wp-json\/wp\/v2\/product"}],"about":[{"href":"http:\/\/www.locacaodemaquinas.com.br\/site\/wp-json\/wp\/v2\/types\/product"}],"replies":[{"embeddable":true,"href":"http:\/\/www.locacaodemaquinas.com.br\/site\/wp-json\/wp\/v2\/comments?post=4558"}],"wp:featuredmedia":[{"embeddable":true,"href":"http:\/\/www.locacaodemaquinas.com.br\/site\/wp-json\/wp\/v2\/media\/4555"}],"wp:attachment":[{"href":"http:\/\/www.locacaodemaquinas.com.br\/site\/wp-json\/wp\/v2\/media?parent=4558"}],"wp:term":[{"taxonomy":"product_cat","embeddable":true,"href":"http:\/\/www.locacaodemaquinas.com.br\/site\/wp-json\/wp\/v2\/product_cat?post=4558"},{"taxonomy":"product_tag","embeddable":true,"href":"http:\/\/www.locacaodemaquinas.com.br\/site\/wp-json\/wp\/v2\/product_tag?post=4558"}],"curies":[{"name":"wp","href":"https:\/\/api.w.org\/{rel}","templated":true}]}}