{"id":4560,"date":"2025-12-17T16:32:11","date_gmt":"2025-12-17T19:32:11","guid":{"rendered":"http:\/\/www.locacaodemaquinas.com.br\/site\/?post_type=product&#038;p=4560"},"modified":"2025-12-17T16:35:06","modified_gmt":"2025-12-17T19:35:06","slug":"kit-brilliance-eco-limpador-multi-superficie-refil-pulverizador-maxbio","status":"publish","type":"product","link":"http:\/\/www.locacaodemaquinas.com.br\/site\/loja\/principais-marcas\/maxbio\/kit-brilliance-eco-limpador-multi-superficie-refil-pulverizador-maxbio\/","title":{"rendered":"Kit Brilliance ECO Limpador Multi-Superf\u00edcie + Refil Pulverizador &#8211; Maxbio"},"content":{"rendered":"<h3>Caracter\u00edsticas do produto<\/h3>\n<ul>\n<li>Econ\u00f4mico<\/li>\n<li>Ecol\u00f3gico<\/li>\n<li>Sustent\u00e1vel<\/li>\n<li>Biodegrad\u00e1vel<\/li>\n<\/ul>\n<p>&nbsp;<\/p>\n<h3>Indica\u00e7\u00e3o de uso<\/h3>\n<p>\u00c9 ideal para ser aplicado em vidros, espelhos, vidra\u00e7as, m\u00f3veis, bancadas, MDF, arm\u00e1rios, a\u00e7o inox, lat\u00e3o e superf\u00edcies brilhantes em geral.<\/p>\n<p>&nbsp;<\/p>\n<h3>Modo de uso<\/h3>\n<ol>\n<li>Deixe a tampa da embalagem de 1 Litro do lado dosador semiaberta e aperte o frasco at\u00e9 que o produto tenha completado o dosador;<\/li>\n<li>Despeje o l\u00edquido na embalagem refil e complete com 400ml de \u00e1gua e seu pronto uso j\u00e1 pode ser aplicado;<\/li>\n<li>Aplique de forma uniforme onde desejar, espalhe com um pano seco e depois lustre com outro pano seco para dar o acabamento de brilho.<\/li>\n<\/ol>\n<p>&nbsp;<\/p>\n<h3>Precau\u00e7\u00f5es de uso<\/h3>\n<p>Conserve fora do alcance de crian\u00e7as e animais dom\u00e9sticos. N\u00e3o ingerir. Evite inala\u00e7\u00e3o ou aspira\u00e7\u00e3o, contato com os olhos e contato com a pele. Em caso de contato com a pele e olhos, lave imediatamente com \u00e1gua em abund\u00e2ncia. Em caso de ingest\u00e3o, n\u00e3o provocar v\u00f4mitos, consultar imediatamente o Centro de Intoxica\u00e7\u00f5es ou m\u00e9dico, levando o r\u00f3tulo do produto. Telefone de emerg\u00eancia: CEATOX- Centro de Assist\u00eancia Toxicol\u00f3gico: 0800 0148 110. Lave com bastante \u00e1gua corrente os objetos e utens\u00edlios utilizados como medida antes de reutiliz\u00e1-los.<\/p>\n","protected":false},"excerpt":{"rendered":"<p>O\u00a0<strong>Brilliance Eco<\/strong>\u00a0\u00e9 o multi-superf\u00edcie, superconcentrado da Maxbio que limpa, d\u00e1 brilho, perfuma e protege!<\/p>\n<p>Assim como os outros produtos da linha Eco Maxbio, o Brilliance foi desenvolvido para atender v\u00e1rios tipos de superf\u00edcies que sejam pr\u00f3prias para limpeza \u00e0 seco, proporcionando uma pel\u00edcula de prote\u00e7\u00e3o.<\/p>\n<p>&nbsp;<\/p>\n","protected":false},"featured_media":4554,"comment_status":"open","ping_status":"closed","template":"","meta":[],"product_cat":[975,519],"product_tag":[313],"acf":[],"_links":{"self":[{"href":"http:\/\/www.locacaodemaquinas.com.br\/site\/wp-json\/wp\/v2\/product\/4560"}],"collection":[{"href":"http:\/\/www.locacaodemaquinas.com.br\/site\/wp-json\/wp\/v2\/product"}],"about":[{"href":"http:\/\/www.locacaodemaquinas.com.br\/site\/wp-json\/wp\/v2\/types\/product"}],"replies":[{"embeddable":true,"href":"http:\/\/www.locacaodemaquinas.com.br\/site\/wp-json\/wp\/v2\/comments?post=4560"}],"wp:featuredmedia":[{"embeddable":true,"href":"http:\/\/www.locacaodemaquinas.com.br\/site\/wp-json\/wp\/v2\/media\/4554"}],"wp:attachment":[{"href":"http:\/\/www.locacaodemaquinas.com.br\/site\/wp-json\/wp\/v2\/media?parent=4560"}],"wp:term":[{"taxonomy":"product_cat","embeddable":true,"href":"http:\/\/www.locacaodemaquinas.com.br\/site\/wp-json\/wp\/v2\/product_cat?post=4560"},{"taxonomy":"product_tag","embeddable":true,"href":"http:\/\/www.locacaodemaquinas.com.br\/site\/wp-json\/wp\/v2\/product_tag?post=4560"}],"curies":[{"name":"wp","href":"https:\/\/api.w.org\/{rel}","templated":true}]}}