{"id":719,"date":"2021-08-20T10:50:56","date_gmt":"2021-08-20T13:50:56","guid":{"rendered":"http:\/\/www.locacaodemaquinas.com.br\/site\/?post_type=product&#038;p=719"},"modified":"2023-01-16T10:51:29","modified_gmt":"2023-01-16T13:51:29","slug":"martelo-demolidor-eletrico-6kg","status":"publish","type":"product","link":"http:\/\/www.locacaodemaquinas.com.br\/site\/loja\/principais-marcas\/marca-dewalt\/martelo-demolidor-eletrico-6kg\/","title":{"rendered":"Martelo Demolidor \/ Rotativo D25831 6kg &#8211; Dewalt"},"content":{"rendered":"","protected":false},"excerpt":{"rendered":"<p>Uso em constru\u00e7\u00e3o civil, empreiteiras, departamentos de manuten\u00e7\u00e3o e instaladores industriais.<\/p>\n<p>Opera\u00e7\u00f5es de rompimento e pequenas demoli\u00e7\u00f5es em concreto e alvenaria.<\/p>\n","protected":false},"featured_media":1310,"comment_status":"open","ping_status":"closed","template":"","meta":[],"product_cat":[888,44,347],"product_tag":[442,273,37,276,441,502],"acf":[],"_links":{"self":[{"href":"http:\/\/www.locacaodemaquinas.com.br\/site\/wp-json\/wp\/v2\/product\/719"}],"collection":[{"href":"http:\/\/www.locacaodemaquinas.com.br\/site\/wp-json\/wp\/v2\/product"}],"about":[{"href":"http:\/\/www.locacaodemaquinas.com.br\/site\/wp-json\/wp\/v2\/types\/product"}],"replies":[{"embeddable":true,"href":"http:\/\/www.locacaodemaquinas.com.br\/site\/wp-json\/wp\/v2\/comments?post=719"}],"wp:featuredmedia":[{"embeddable":true,"href":"http:\/\/www.locacaodemaquinas.com.br\/site\/wp-json\/wp\/v2\/media\/1310"}],"wp:attachment":[{"href":"http:\/\/www.locacaodemaquinas.com.br\/site\/wp-json\/wp\/v2\/media?parent=719"}],"wp:term":[{"taxonomy":"product_cat","embeddable":true,"href":"http:\/\/www.locacaodemaquinas.com.br\/site\/wp-json\/wp\/v2\/product_cat?post=719"},{"taxonomy":"product_tag","embeddable":true,"href":"http:\/\/www.locacaodemaquinas.com.br\/site\/wp-json\/wp\/v2\/product_tag?post=719"}],"curies":[{"name":"wp","href":"https:\/\/api.w.org\/{rel}","templated":true}]}}