{"id":720,"date":"2021-08-20T10:52:34","date_gmt":"2021-08-20T13:52:34","guid":{"rendered":"http:\/\/www.locacaodemaquinas.com.br\/site\/?post_type=product&#038;p=720"},"modified":"2023-01-16T10:54:04","modified_gmt":"2023-01-16T13:54:04","slug":"martelo-demolidor-eletrico-10kg","status":"publish","type":"product","link":"http:\/\/www.locacaodemaquinas.com.br\/site\/loja\/principais-marcas\/marca-dewalt\/martelo-demolidor-eletrico-10kg\/","title":{"rendered":"Martelo Demolidor \/ Rotativo D25901K SDS MAX 10kg &#8211; Dewalt"},"content":{"rendered":"","protected":false},"excerpt":{"rendered":"<p>Ideal para demoli\u00e7\u00f5es de estruturas em concreto usinado e alvenaria.<\/p>\n<p>V\u00e1lido tamb\u00e9m em remo\u00e7\u00f5es de revestimentos e demoli\u00e7\u00f5es em pisos e pavimentos.<\/p>\n","protected":false},"featured_media":1313,"comment_status":"open","ping_status":"closed","template":"","meta":[],"product_cat":[889,347],"product_tag":[443,273,276,441],"acf":[],"_links":{"self":[{"href":"http:\/\/www.locacaodemaquinas.com.br\/site\/wp-json\/wp\/v2\/product\/720"}],"collection":[{"href":"http:\/\/www.locacaodemaquinas.com.br\/site\/wp-json\/wp\/v2\/product"}],"about":[{"href":"http:\/\/www.locacaodemaquinas.com.br\/site\/wp-json\/wp\/v2\/types\/product"}],"replies":[{"embeddable":true,"href":"http:\/\/www.locacaodemaquinas.com.br\/site\/wp-json\/wp\/v2\/comments?post=720"}],"wp:featuredmedia":[{"embeddable":true,"href":"http:\/\/www.locacaodemaquinas.com.br\/site\/wp-json\/wp\/v2\/media\/1313"}],"wp:attachment":[{"href":"http:\/\/www.locacaodemaquinas.com.br\/site\/wp-json\/wp\/v2\/media?parent=720"}],"wp:term":[{"taxonomy":"product_cat","embeddable":true,"href":"http:\/\/www.locacaodemaquinas.com.br\/site\/wp-json\/wp\/v2\/product_cat?post=720"},{"taxonomy":"product_tag","embeddable":true,"href":"http:\/\/www.locacaodemaquinas.com.br\/site\/wp-json\/wp\/v2\/product_tag?post=720"}],"curies":[{"name":"wp","href":"https:\/\/api.w.org\/{rel}","templated":true}]}}