{"id":721,"date":"2021-08-20T10:54:08","date_gmt":"2021-08-20T13:54:08","guid":{"rendered":"http:\/\/www.locacaodemaquinas.com.br\/site\/?post_type=product&#038;p=721"},"modified":"2023-01-13T15:50:23","modified_gmt":"2023-01-13T18:50:23","slug":"martelo-demolidor-eletrico-12kg","status":"publish","type":"product","link":"http:\/\/www.locacaodemaquinas.com.br\/site\/loja\/principais-marcas\/marca-dewalt\/martelo-demolidor-eletrico-12kg\/","title":{"rendered":"Martelo Demolidor D25940K 12kg &#8211; Dewalt"},"content":{"rendered":"<div id=\"pageContainer61\" class=\"page\" data-page-number=\"61\" data-loaded=\"true\">\n<div class=\"textLayer\">\n<div data-canvas-width=\"164.032\"><strong>Fun\u00e7\u00e3o de arranque suave<\/strong><\/div>\n<div data-canvas-width=\"164.032\"><\/div>\n<div data-canvas-width=\"266.4986666666666\">A fun\u00e7\u00e3o de arranque suave permite aumentar gradualmente a taxa de impacto evitando que o cinzel ou a broca se desloquem da posi\u00e7\u00e3o de furos pretendida na alvenaria quando a m\u00e1quina come\u00e7a a funcionar.<\/div>\n<\/div>\n<\/div>\n<div data-canvas-width=\"266.4986666666666\"><\/div>\n<div data-canvas-width=\"266.4986666666666\"><\/div>\n<div id=\"pageContainer61\" class=\"page\" data-page-number=\"61\" data-loaded=\"true\">\n<div class=\"textLayer\">\n<div data-canvas-width=\"170.46266666666668\"><strong>Controle de vibra\u00e7\u00e3o ativa<\/strong><\/div>\n<div data-canvas-width=\"170.46266666666668\"><\/div>\n<div data-canvas-width=\"289.75999999999993\">O controle de vibra\u00e7\u00e3o ativa neutraliza a vibra\u00e7\u00e3o de retorno proveniente do mecanismo do martelo.<\/div>\n<div data-canvas-width=\"298.9186666666666\">Mediante a redu\u00e7\u00e3o da vibra\u00e7\u00e3o da m\u00e3o e do bra\u00e7o \u00e9 poss\u00edvel utilizar a ferramenta com maior conforto por per\u00edodos de tempo mais longos, al\u00e9m de ampliar tamb\u00e9m o tempo de vida \u00fatil do instrumento.<\/div>\n<div class=\"endOfContent\"><\/div>\n<\/div>\n<\/div>\n<div id=\"pageContainer62\" class=\"page\" data-page-number=\"62\" data-loaded=\"true\">\n<div class=\"canvasWrapper\"><\/div>\n<div class=\"textLayer\"><\/div>\n<\/div>\n","protected":false},"excerpt":{"rendered":"<p>O martelo de demoli\u00e7\u00e3o D2590K foi concebido para aplica\u00e7\u00f5es profissionais pesadas de cinzelamento de bet\u00e3o, tijolo, pedra e outros materiais de alvenaria.<\/p>\n","protected":false},"featured_media":1319,"comment_status":"open","ping_status":"closed","template":"","meta":[],"product_cat":[892,181,347],"product_tag":[445,273,276,441],"acf":[],"_links":{"self":[{"href":"http:\/\/www.locacaodemaquinas.com.br\/site\/wp-json\/wp\/v2\/product\/721"}],"collection":[{"href":"http:\/\/www.locacaodemaquinas.com.br\/site\/wp-json\/wp\/v2\/product"}],"about":[{"href":"http:\/\/www.locacaodemaquinas.com.br\/site\/wp-json\/wp\/v2\/types\/product"}],"replies":[{"embeddable":true,"href":"http:\/\/www.locacaodemaquinas.com.br\/site\/wp-json\/wp\/v2\/comments?post=721"}],"wp:featuredmedia":[{"embeddable":true,"href":"http:\/\/www.locacaodemaquinas.com.br\/site\/wp-json\/wp\/v2\/media\/1319"}],"wp:attachment":[{"href":"http:\/\/www.locacaodemaquinas.com.br\/site\/wp-json\/wp\/v2\/media?parent=721"}],"wp:term":[{"taxonomy":"product_cat","embeddable":true,"href":"http:\/\/www.locacaodemaquinas.com.br\/site\/wp-json\/wp\/v2\/product_cat?post=721"},{"taxonomy":"product_tag","embeddable":true,"href":"http:\/\/www.locacaodemaquinas.com.br\/site\/wp-json\/wp\/v2\/product_tag?post=721"}],"curies":[{"name":"wp","href":"https:\/\/api.w.org\/{rel}","templated":true}]}}