{"id":723,"date":"2021-08-20T10:56:22","date_gmt":"2021-08-20T13:56:22","guid":{"rendered":"http:\/\/www.locacaodemaquinas.com.br\/site\/?post_type=product&#038;p=723"},"modified":"2023-01-16T11:02:14","modified_gmt":"2023-01-16T14:02:14","slug":"martelo-demolidor-eletrico-30kg","status":"publish","type":"product","link":"http:\/\/www.locacaodemaquinas.com.br\/site\/loja\/ferramenta-eletrica-2\/martelo-demolidor\/martelo-demolidor-eletrico-30kg\/","title":{"rendered":"Martelo Demolidor D25980K 30kg &#8211; Dewalt"},"content":{"rendered":"","protected":false},"excerpt":{"rendered":"<p>Martelo demolidor o mais confi\u00e1vel da categoria tem motor com controle eletr\u00f4nico para alta produtividade em demoli\u00e7\u00f5es pesadas, m\u00f3dulo eletr\u00f4nico que mant\u00e9m a velocidade constante mesmo em condi\u00e7\u00f5es extremas, mecanismo anti-vibra\u00e7\u00e3o nos punhos e contra-peso e reduzem a vibra\u00e7\u00e3o para 4.8 m\/s.<\/p>\n","protected":false},"featured_media":1537,"comment_status":"open","ping_status":"closed","template":"","meta":[],"product_cat":[891,462,475,181,347],"product_tag":[446,273,276,441],"acf":[],"_links":{"self":[{"href":"http:\/\/www.locacaodemaquinas.com.br\/site\/wp-json\/wp\/v2\/product\/723"}],"collection":[{"href":"http:\/\/www.locacaodemaquinas.com.br\/site\/wp-json\/wp\/v2\/product"}],"about":[{"href":"http:\/\/www.locacaodemaquinas.com.br\/site\/wp-json\/wp\/v2\/types\/product"}],"replies":[{"embeddable":true,"href":"http:\/\/www.locacaodemaquinas.com.br\/site\/wp-json\/wp\/v2\/comments?post=723"}],"wp:featuredmedia":[{"embeddable":true,"href":"http:\/\/www.locacaodemaquinas.com.br\/site\/wp-json\/wp\/v2\/media\/1537"}],"wp:attachment":[{"href":"http:\/\/www.locacaodemaquinas.com.br\/site\/wp-json\/wp\/v2\/media?parent=723"}],"wp:term":[{"taxonomy":"product_cat","embeddable":true,"href":"http:\/\/www.locacaodemaquinas.com.br\/site\/wp-json\/wp\/v2\/product_cat?post=723"},{"taxonomy":"product_tag","embeddable":true,"href":"http:\/\/www.locacaodemaquinas.com.br\/site\/wp-json\/wp\/v2\/product_tag?post=723"}],"curies":[{"name":"wp","href":"https:\/\/api.w.org\/{rel}","templated":true}]}}