{"id":724,"date":"2021-08-20T11:05:08","date_gmt":"2021-08-20T14:05:08","guid":{"rendered":"http:\/\/www.locacaodemaquinas.com.br\/site\/?post_type=product&#038;p=724"},"modified":"2022-05-17T15:19:50","modified_gmt":"2022-05-17T18:19:50","slug":"martelo-demolidor-hidraulico-30kg","status":"publish","type":"product","link":"http:\/\/www.locacaodemaquinas.com.br\/site\/loja\/principais-marcas\/marca-stanley-ferramentas\/martelo-demolidor-hidraulico-30kg\/","title":{"rendered":"Martelo Demolidor Hidr\u00e1ulico 30kg BR67 &#8211; Stanley"},"content":{"rendered":"","protected":false},"excerpt":{"rendered":"<p><strong>Aplica\u00e7\u00f5es:<\/strong><\/p>\n<ul>\n<li>Constru\u00e7\u00e3o<\/li>\n<li>Manuten\u00e7\u00e3o de Ruas<\/li>\n<li>Repara\u00e7\u00e3o de redes de g\u00e1s<\/li>\n<\/ul>\n<p><strong>Recursos:<\/strong><\/p>\n<ul>\n<li>A v\u00e1lvula liga\/desliga controla a velocidade do sopro, facilitando a inicializa\u00e7\u00e3o e a coloca\u00e7\u00e3o inicial da ferramenta do hidru\u00e1ulico.<\/li>\n<li>O design do acumulador do tipo diafragma proporciona uma opera\u00e7\u00e3o sem problemas e um pun\u00e7\u00e3o adicional com recuo reduzido<\/li>\n<li>Ir\u00e1 lidar com contrapress\u00f5es do sistema at\u00e9 250 psi<\/li>\n<li>Aceita brocas hexagonais padr\u00e3o de 1-1\/8 polegadas<\/li>\n<\/ul>\n","protected":false},"featured_media":1392,"comment_status":"open","ping_status":"closed","template":"","meta":[],"product_cat":[44,180,182,143,346],"product_tag":[446,273,281,441,453],"acf":[],"_links":{"self":[{"href":"http:\/\/www.locacaodemaquinas.com.br\/site\/wp-json\/wp\/v2\/product\/724"}],"collection":[{"href":"http:\/\/www.locacaodemaquinas.com.br\/site\/wp-json\/wp\/v2\/product"}],"about":[{"href":"http:\/\/www.locacaodemaquinas.com.br\/site\/wp-json\/wp\/v2\/types\/product"}],"replies":[{"embeddable":true,"href":"http:\/\/www.locacaodemaquinas.com.br\/site\/wp-json\/wp\/v2\/comments?post=724"}],"wp:featuredmedia":[{"embeddable":true,"href":"http:\/\/www.locacaodemaquinas.com.br\/site\/wp-json\/wp\/v2\/media\/1392"}],"wp:attachment":[{"href":"http:\/\/www.locacaodemaquinas.com.br\/site\/wp-json\/wp\/v2\/media?parent=724"}],"wp:term":[{"taxonomy":"product_cat","embeddable":true,"href":"http:\/\/www.locacaodemaquinas.com.br\/site\/wp-json\/wp\/v2\/product_cat?post=724"},{"taxonomy":"product_tag","embeddable":true,"href":"http:\/\/www.locacaodemaquinas.com.br\/site\/wp-json\/wp\/v2\/product_tag?post=724"}],"curies":[{"name":"wp","href":"https:\/\/api.w.org\/{rel}","templated":true}]}}